{"id":5094,"date":"2017-02-28T11:07:37","date_gmt":"2017-02-28T11:07:37","guid":{"rendered":"https:\/\/www.humboldt-institut.org\/?page_id=5094\/"},"modified":"2023-04-19T11:06:08","modified_gmt":"2023-04-19T09:06:08","slug":"contato","status":"publish","type":"page","link":"https:\/\/www.humboldt-institut.org\/pt-pt\/contato\/","title":{"rendered":"Contato"},"content":{"rendered":"<p>Voc\u00ea tem alguma pergunta ou gostaria de receber mais informa\u00e7\u00f5es? <\/p>\n<p>Estamos aqui para ajudar e teremos prazer em responder suas perguntas sobre cursos, exames, acomoda\u00e7\u00f5es e muito mais. <\/p>\n<p>Por favor, preencha este formul\u00e1rio. Os pedidos por escrito ser\u00e3o respondidos em alem\u00e3o ou ingl\u00eas. Os campos marcados com um * asterisco s\u00e3o obrigat\u00f3rios. Obrigado!<\/p>\n\n<div class=\"wpcf7 no-js\" id=\"wpcf7-f5114-o1\" lang=\"\" dir=\"ltr\" data-wpcf7-id=\"5114\">\n<div class=\"screen-reader-response\"><p role=\"status\" aria-live=\"polite\" aria-atomic=\"true\"><\/p> <ul><\/ul><\/div>\n<form action=\"\/pt-pt\/wp-json\/wp\/v2\/pages\/5094#wpcf7-f5114-o1\" method=\"post\" class=\"wpcf7-form init\" aria-label=\"Formul\u00e1rio de contacto\" novalidate=\"novalidate\" data-status=\"init\">\n<fieldset class=\"hidden-fields-container\"><input type=\"hidden\" name=\"_wpcf7\" value=\"5114\" \/><input type=\"hidden\" name=\"_wpcf7_version\" value=\"6.1.5\" \/><input type=\"hidden\" name=\"_wpcf7_locale\" value=\"\" \/><input type=\"hidden\" name=\"_wpcf7_unit_tag\" value=\"wpcf7-f5114-o1\" \/><input type=\"hidden\" name=\"_wpcf7_container_post\" value=\"0\" \/><input type=\"hidden\" name=\"_wpcf7_posted_data_hash\" value=\"\" \/><input type=\"hidden\" name=\"_wpcf7cf_hidden_group_fields\" value=\"[]\" \/><input type=\"hidden\" name=\"_wpcf7cf_hidden_groups\" value=\"[]\" \/><input type=\"hidden\" name=\"_wpcf7cf_visible_groups\" value=\"[]\" \/><input type=\"hidden\" name=\"_wpcf7cf_repeaters\" value=\"[]\" \/><input type=\"hidden\" name=\"_wpcf7cf_steps\" value=\"{}\" \/><input type=\"hidden\" name=\"_wpcf7cf_options\" value=\"{&quot;form_id&quot;:5114,&quot;conditions&quot;:[{&quot;then_field&quot;:&quot;-1&quot;,&quot;and_rules&quot;:[{&quot;if_field&quot;:&quot;-1&quot;,&quot;operator&quot;:&quot;equals&quot;,&quot;if_value&quot;:&quot;Sim&quot;}]}],&quot;settings&quot;:{&quot;animation&quot;:&quot;yes&quot;,&quot;animation_intime&quot;:200,&quot;animation_outtime&quot;:200,&quot;conditions_ui&quot;:&quot;normal&quot;,&quot;notice_dismissed&quot;:false,&quot;notice_dismissed_rollback-cf7-5.6&quot;:true}}\" \/>\n<\/fieldset>\n<h2>Contato\n<\/h2>\n<p><label for=\"anrede\">T\u00edtulo<\/label><br \/>\n<span class=\"wpcf7-form-control-wrap\" data-name=\"anrede\"><select class=\"wpcf7-form-control wpcf7-select\" id=\"anrede\" aria-invalid=\"false\" name=\"anrede\"><option value=\"Sr.\">Sr.<\/option><option value=\"Sra.\">Sra.<\/option><option value=\"N\u00e3o bin\u00e1rio\">N\u00e3o bin\u00e1rio<\/option><\/select><\/span>\n<\/p>\n<p><label for=\"vorname\">Nome *<\/label><br \/>\n<span class=\"wpcf7-form-control-wrap\" data-name=\"vorname\"><input size=\"40\" maxlength=\"400\" class=\"wpcf7-form-control wpcf7-text wpcf7-validates-as-required\" id=\"vorname\" aria-required=\"true\" aria-invalid=\"false\" value=\"\" type=\"text\" name=\"vorname\" \/><\/span>\n<\/p>\n<p><label for=\"nachname\">Sobrenome *<\/label><br \/>\n<span class=\"wpcf7-form-control-wrap\" data-name=\"nachname\"><input size=\"40\" maxlength=\"400\" class=\"wpcf7-form-control wpcf7-text wpcf7-validates-as-required\" id=\"nachname\" aria-required=\"true\" aria-invalid=\"false\" value=\"\" type=\"text\" name=\"nachname\" \/><\/span>\n<\/p>\n<p><label for=\"email\">E-mail *<\/label><br \/>\n<span class=\"wpcf7-form-control-wrap\" data-name=\"your-email\"><input size=\"40\" maxlength=\"400\" class=\"wpcf7-form-control wpcf7-email wpcf7-validates-as-required wpcf7-text wpcf7-validates-as-email\" id=\"email\" aria-required=\"true\" aria-invalid=\"false\" value=\"\" type=\"email\" name=\"your-email\" \/><\/span>\n<\/p>\n<p><label for=\"tel\">Telefone<\/label><br \/>\n<span class=\"wpcf7-form-control-wrap\" data-name=\"Telefon\"><input size=\"40\" maxlength=\"400\" class=\"wpcf7-form-control wpcf7-tel wpcf7-text wpcf7-validates-as-tel\" id=\"tel\" aria-invalid=\"false\" value=\"\" type=\"tel\" name=\"Telefon\" \/><\/span>\n<\/p>\n<p><span id=\"wpcf7-69e5076a9fc33-wrapper\" class=\"wpcf7-form-control-wrap accept-58-wrap\" ><label for=\"wpcf7-69e5076a9fc33-field\" class=\"hp-message\">Please leave this field empty.<\/label><input id=\"wpcf7-69e5076a9fc33-field\"  class=\"wpcf7-form-control wpcf7-text\" type=\"text\" name=\"accept-58\" value=\"\" size=\"40\" tabindex=\"-1\" autocomplete=\"new-password\" \/><\/span>\n<\/p>\n<hr \/>\n<p><label for=\"function\">Voc\u00ea \u00e9... *<\/label><br \/>\n<span class=\"wpcf7-form-control-wrap\" data-name=\"menu-106\"><select class=\"wpcf7-form-control wpcf7-select\" id=\"function\" aria-invalid=\"false\" name=\"menu-106\"><option value=\"pai\">pai<\/option><option value=\"aluno\">aluno<\/option><option value=\"agente\">agente<\/option><option value=\"outros\">outros<\/option><\/select><\/span>\n<\/p>\n<p><label for=\"studentname\">Nome e sobrenome do aluno *<\/label><br \/>\n<span class=\"wpcf7-form-control-wrap\" data-name=\"name-kurs\"><input size=\"40\" maxlength=\"400\" class=\"wpcf7-form-control wpcf7-text wpcf7-validates-as-required\" id=\"studentname\" aria-required=\"true\" aria-invalid=\"false\" value=\"\" type=\"text\" name=\"name-kurs\" \/><\/span>\n<\/p>\n<p><label for=\"studentage\">Idade do aluno<\/label><br \/>\n<span class=\"wpcf7-form-control-wrap\" data-name=\"alter-kurs\"><input size=\"40\" maxlength=\"400\" class=\"wpcf7-form-control wpcf7-text\" id=\"studentage\" aria-invalid=\"false\" value=\"\" type=\"text\" name=\"alter-kurs\" \/><\/span>\n<\/p>\n<p><label for=\"studentnat\">Nacionalidade do aluno<\/label><br \/>\n<span class=\"wpcf7-form-control-wrap\" data-name=\"nationalitaet-kurs\"><input size=\"40\" maxlength=\"400\" class=\"wpcf7-form-control wpcf7-text\" id=\"studentnat\" aria-invalid=\"false\" value=\"\" type=\"text\" name=\"nationalitaet-kurs\" \/><\/span>\n<\/p>\n<hr \/>\n<h2>Newsletter\n<\/h2>\n<p><span class=\"wpcf7-form-control-wrap\" data-name=\"newsabo\"><span class=\"wpcf7-form-control wpcf7-acceptance optional\"><span class=\"wpcf7-list-item\"><input type=\"checkbox\" name=\"newsabo\" value=\"1\" id=\"newsletter\" aria-invalid=\"false\" \/><\/span><\/span><\/span><label for=\"newsletter\"> Eu gostaria de receber sua newsletter<\/label>\n<\/p>\n<hr \/>\n<p><label for=\"fragen\">Por favor, fa\u00e7a aqui suas perguntas em alem\u00e3o ou ingl\u00eas *:<\/label><br \/>\n<span class=\"wpcf7-form-control-wrap\" data-name=\"your-message\"><textarea cols=\"40\" rows=\"10\" maxlength=\"1500\" minlength=\"200\" class=\"wpcf7-form-control wpcf7-textarea wpcf7-validates-as-required\" id=\"fragen\" aria-required=\"true\" aria-invalid=\"false\" name=\"your-message\"><\/textarea><\/span>\n<\/p>\n<p><span class=\"wpcf7-character-count down\" data-target-name=\"your-message\" data-starting-value=\"1500\" data-current-value=\"1500\" data-maximum-value=\"1500\" data-minimum-value=\"200\">1500<\/span> caracteres restantes\n<\/p>\n<p><input class=\"wpcf7-form-control wpcf7-submit has-spinner\" type=\"submit\" value=\"Enviar\" \/>\n<\/p><div class=\"wpcf7-response-output\" aria-hidden=\"true\"><\/div>\n<\/form>\n<\/div>\n\n","protected":false},"excerpt":{"rendered":"<p>Voc\u00ea tem alguma pergunta ou gostaria de receber mais informa\u00e7\u00f5es? Estamos aqui para ajudar e teremos prazer em responder suas perguntas sobre cursos, exames, acomoda\u00e7\u00f5es e muito mais. Por [&hellip;]<\/p>\n","protected":false},"author":2,"featured_media":0,"parent":0,"menu_order":319,"comment_status":"closed","ping_status":"closed","template":"","meta":{"_acf_changed":false,"inline_featured_image":false,"footnotes":""},"class_list":["post-5094","page","type-page","status-publish","hentry"],"acf":[],"_links":{"self":[{"href":"https:\/\/www.humboldt-institut.org\/pt-pt\/wp-json\/wp\/v2\/pages\/5094","targetHints":{"allow":["GET"]}}],"collection":[{"href":"https:\/\/www.humboldt-institut.org\/pt-pt\/wp-json\/wp\/v2\/pages"}],"about":[{"href":"https:\/\/www.humboldt-institut.org\/pt-pt\/wp-json\/wp\/v2\/types\/page"}],"author":[{"embeddable":true,"href":"https:\/\/www.humboldt-institut.org\/pt-pt\/wp-json\/wp\/v2\/users\/2"}],"replies":[{"embeddable":true,"href":"https:\/\/www.humboldt-institut.org\/pt-pt\/wp-json\/wp\/v2\/comments?post=5094"}],"version-history":[{"count":0,"href":"https:\/\/www.humboldt-institut.org\/pt-pt\/wp-json\/wp\/v2\/pages\/5094\/revisions"}],"wp:attachment":[{"href":"https:\/\/www.humboldt-institut.org\/pt-pt\/wp-json\/wp\/v2\/media?parent=5094"}],"curies":[{"name":"wp","href":"https:\/\/api.w.org\/{rel}","templated":true}]}}