{"id":4760,"date":"2017-02-24T11:12:58","date_gmt":"2017-02-24T11:12:58","guid":{"rendered":"https:\/\/www.humboldt-institut.org\/?page_id=4760\/"},"modified":"2025-10-09T08:40:42","modified_gmt":"2025-10-09T06:40:42","slug":"cursos-de-alemao","status":"publish","type":"page","link":"https:\/\/www.humboldt-institut.org\/pt-pt\/cursos-de-alemao\/","title":{"rendered":"Cursos de alem\u00e3o"},"content":{"rendered":"<p>O Instituto Humboldt oferece cursos para faixas et\u00e1rias diversas em v\u00e1rios locais na Alemanha.<br \/>\nOs detalhes sobre o conte\u00fado dos cursos est\u00e3o nas pr\u00f3ximas subp\u00e1ginas:<\/p>\n","protected":false},"excerpt":{"rendered":"<p>O Instituto Humboldt oferece cursos para faixas et\u00e1rias diversas em v\u00e1rios locais na Alemanha. Os detalhes sobre o conte\u00fado dos cursos est\u00e3o nas pr\u00f3ximas subp\u00e1ginas:<\/p>\n","protected":false},"author":2,"featured_media":0,"parent":0,"menu_order":38,"comment_status":"closed","ping_status":"closed","template":"page_courses.php","meta":{"_acf_changed":false,"inline_featured_image":false,"footnotes":""},"class_list":["post-4760","page","type-page","status-publish","hentry"],"acf":[],"_links":{"self":[{"href":"https:\/\/www.humboldt-institut.org\/pt-pt\/wp-json\/wp\/v2\/pages\/4760","targetHints":{"allow":["GET"]}}],"collection":[{"href":"https:\/\/www.humboldt-institut.org\/pt-pt\/wp-json\/wp\/v2\/pages"}],"about":[{"href":"https:\/\/www.humboldt-institut.org\/pt-pt\/wp-json\/wp\/v2\/types\/page"}],"author":[{"embeddable":true,"href":"https:\/\/www.humboldt-institut.org\/pt-pt\/wp-json\/wp\/v2\/users\/2"}],"replies":[{"embeddable":true,"href":"https:\/\/www.humboldt-institut.org\/pt-pt\/wp-json\/wp\/v2\/comments?post=4760"}],"version-history":[{"count":2,"href":"https:\/\/www.humboldt-institut.org\/pt-pt\/wp-json\/wp\/v2\/pages\/4760\/revisions"}],"predecessor-version":[{"id":49394,"href":"https:\/\/www.humboldt-institut.org\/pt-pt\/wp-json\/wp\/v2\/pages\/4760\/revisions\/49394"}],"wp:attachment":[{"href":"https:\/\/www.humboldt-institut.org\/pt-pt\/wp-json\/wp\/v2\/media?parent=4760"}],"curies":[{"name":"wp","href":"https:\/\/api.w.org\/{rel}","templated":true}]}}