{"id":47108,"date":"2025-02-04T16:32:37","date_gmt":"2025-02-04T15:32:37","guid":{"rendered":"https:\/\/www.humboldt-institut.org\/?page_id=47108"},"modified":"2025-02-04T16:32:37","modified_gmt":"2025-02-04T15:32:37","slug":"exames","status":"publish","type":"page","link":"https:\/\/www.humboldt-institut.org\/pt-pt\/exames\/","title":{"rendered":"Exames"},"content":{"rendered":"<p>Bons conhecimentos de alem\u00e3o nem sempre s\u00e3o o suficiente. Precisam-se comprovar estes conhecimentos para uma universidade ou para o empregador. O Instituto Humboldt oferece v\u00e1rios exames reconhecidos internacionalmente.<\/p>\n<p>Os exames TestDaF, TestAS e telc Deutsch A1 at\u00e9 C1 Hochschule pertencem a esta categoria. Os exames TestDaF s\u00e3o realizados em nossos locais de curso Berlim-Mitte e Constan\u00e7a.<\/p>\n<p>Os exames telc podem ser tamb\u00e9m feitos em Berlim-Mitte, Constan\u00e7a e Bad Schussenried. As duas escolas em Berlim-Mitte e Constan\u00e7a s\u00e3o reconhecidas como centros de compet\u00eancia telc para faculdade.<\/p>\n<p>Prazo de inscri\u00e7\u00e3o para o exame telc \u00e9 de at\u00e9 17 dias antes da data da prova.<\/p>\n","protected":false},"excerpt":{"rendered":"<p>Bons conhecimentos de alem\u00e3o nem sempre s\u00e3o o suficiente. Precisam-se comprovar estes conhecimentos para uma universidade ou para o empregador. O Instituto Humboldt oferece v\u00e1rios exames reconhecidos internacionalmente. Os [&hellip;]<\/p>\n","protected":false},"author":378,"featured_media":0,"parent":0,"menu_order":126,"comment_status":"closed","ping_status":"closed","template":"page-exams_overview.php","meta":{"_acf_changed":false,"inline_featured_image":false,"footnotes":""},"class_list":["post-47108","page","type-page","status-publish","hentry"],"acf":[],"_links":{"self":[{"href":"https:\/\/www.humboldt-institut.org\/pt-pt\/wp-json\/wp\/v2\/pages\/47108","targetHints":{"allow":["GET"]}}],"collection":[{"href":"https:\/\/www.humboldt-institut.org\/pt-pt\/wp-json\/wp\/v2\/pages"}],"about":[{"href":"https:\/\/www.humboldt-institut.org\/pt-pt\/wp-json\/wp\/v2\/types\/page"}],"author":[{"embeddable":true,"href":"https:\/\/www.humboldt-institut.org\/pt-pt\/wp-json\/wp\/v2\/users\/378"}],"replies":[{"embeddable":true,"href":"https:\/\/www.humboldt-institut.org\/pt-pt\/wp-json\/wp\/v2\/comments?post=47108"}],"version-history":[{"count":2,"href":"https:\/\/www.humboldt-institut.org\/pt-pt\/wp-json\/wp\/v2\/pages\/47108\/revisions"}],"predecessor-version":[{"id":47111,"href":"https:\/\/www.humboldt-institut.org\/pt-pt\/wp-json\/wp\/v2\/pages\/47108\/revisions\/47111"}],"wp:attachment":[{"href":"https:\/\/www.humboldt-institut.org\/pt-pt\/wp-json\/wp\/v2\/media?parent=47108"}],"curies":[{"name":"wp","href":"https:\/\/api.w.org\/{rel}","templated":true}]}}