{"id":4455,"date":"2017-02-24T09:36:20","date_gmt":"2017-02-24T09:36:20","guid":{"rendered":"https:\/\/www.humboldt-institut.org\/?page_id=4455\/"},"modified":"2026-04-01T14:43:57","modified_gmt":"2026-04-01T12:43:57","slug":"sobre-nos","status":"publish","type":"page","link":"https:\/\/www.humboldt-institut.org\/pt-pt\/o-instituto\/sobre-nos\/","title":{"rendered":"Sobre n\u00f3s"},"content":{"rendered":"<p>O Instituto Humboldt foi criado em 1977 por Norbert G\u00fcthling. Durante seu estudo, ele organizava para estudantes alem\u00e3es estadias na Inglaterra e Fran\u00e7a. No entanto, ele n\u00e3o estava satisfeito com o planejamento e o andamento locais e decidiu, que ele pr\u00f3prio faria melhor. Em conjunto com parceiros, ele fundou o Instituto Humboldt.<\/p>\n<p>Desde ent\u00e3o, a ambi\u00e7\u00e3o do Instituto Humboldt \u00e9 de oferecer os melhores cursos de alem\u00e3o e fazer com que os participantes tenham sucesso em pouco tempo. Seguimos esta meta desde 1977 e, nos \u00faltimos 45 anos, pudemos dar as boas-vindas a mais de 97.000 alunos de mais de 160 pa\u00edses. Com isso, o Instituto Humboldt pertence \u00e0s maiores e mais experientes escolas para alem\u00e3o como idioma estrangeiro.<\/p>\n<p><img decoding=\"async\" class=\"img-responsive alignnone wp-image-2502 size-large\" src=\"https:\/\/www.humboldt-institut.org\/2017\/wp-content\/uploads\/2016\/06\/Ratzenried_Castle-in-the-wintertime_16x9.jpg\" alt=\"Castelo Ratzenried\" width=\"1024\" height=\"576\" srcset=\"https:\/\/www.humboldt-institut.org\/2017\/wp-content\/uploads\/2016\/06\/Ratzenried_Castle-in-the-wintertime_16x9.jpg 1920w, https:\/\/www.humboldt-institut.org\/2017\/wp-content\/uploads\/2016\/06\/Ratzenried_Castle-in-the-wintertime_16x9-300x169.jpg 300w, https:\/\/www.humboldt-institut.org\/2017\/wp-content\/uploads\/2016\/06\/Ratzenried_Castle-in-the-wintertime_16x9-768x432.jpg 768w, https:\/\/www.humboldt-institut.org\/2017\/wp-content\/uploads\/2016\/06\/Ratzenried_Castle-in-the-wintertime_16x9-1024x576.jpg 1024w, https:\/\/www.humboldt-institut.org\/2017\/wp-content\/uploads\/2016\/06\/Ratzenried_Castle-in-the-wintertime_16x9-160x90.jpg 160w\" sizes=\"(max-width: 1024px) 100vw, 1024px\" \/><\/p>\n<p>A partir de um \u00fanico centro de estudos no Castelo Ratzenried, onde se encontra a administra\u00e7\u00e3o hoje, o Instituto Humboldt se tornou, neste meio tempo, uma rede de 11 escolas. Desta rede quatro escolas \u2013 Berlim-Mitte, Constan\u00e7a, Lindenberg e Bad Schussenried &#8211; funcionam o ano inteiro.<\/p>\n<p>O nome do Instituto Humboldt foi dado em homenagem a Wilhelm von Humboldt, o reformador educacional prussiano, linguista e irm\u00e3o do naturalista Alexander von Humboldt. Como Humboldt, seguimos um conceito hol\u00edstico: Os alunos aprendem alem\u00e3o, falam o idioma entre si no dia-a-dia e mergulham na cultura cotidiana alem\u00e3.<\/p>\n<p>Por esta raz\u00e3o, quase sempre oferecemos nossos cursos de alem\u00e3o em um pacote completo com hospedagem, pens\u00e3o completa e atividades de lazer. Assim nossos alunos recebem tudo de uma s\u00f3 fonte e podem se concentrar inteiramente no aprendizado do alem\u00e3o.<\/p>\n<p>&nbsp;<\/p>\n<h2>Conceito: O que \u00e9 especial nos cursos de alem\u00e3o do Instituto Humboldt?<\/h2>\n<p>Classes pequenas, uso ativo do idioma, controles de desempenho transparentes, um cuidadoso sistema interligando aulas, li\u00e7\u00f5es de casa e exames e tamb\u00e9m uma aprendizagem cont\u00ednua em ambiente alem\u00e3o, acrescentado por um programa cultural e de lazer muito variado. Estes s\u00e3o os pilares do nosso sucesso no ensino de idiomas!<\/p>\n<p>Diferentemente de outras escolas de idioma, o Instituto Humboldt trabalha com um plano pr\u00f3prio de aprendizagem e aproveita de mais de 45 anos de experi\u00eancia. Isto tem vantagens:<\/p>\n<ul>\n<li>Sucesso r\u00e1pido de aprendizagem<\/li>\n<li>Conte\u00fado de aprendizagem adaptado para cada idade.<\/li>\n<li>Educa\u00e7\u00e3o global (hol\u00edstica) em todos os componentes do idioma alem\u00e3o<\/li>\n<li>Cotas de sucesso acima da m\u00e9dia em exames padr\u00f5es como TestDaF<\/li>\n<li>Alta satisfa\u00e7\u00e3o de nossos alunos<\/li>\n<\/ul>\n<p>O Instituto Humboldt oferece cursos de alem\u00e3o para todas as idades e n\u00edveis de idioma. Entre nossos alunos est\u00e3o participantes individuais, grupos e empresas.<\/p>\n<p>&nbsp;<\/p>\n<div>\n<h3>Refer\u00eancias de empresas<\/h3>\n<\/div>\n<p>Empresas e organiza\u00e7\u00f5es de diversos ramos escolheram o Instituto Humboldt e seus cursos de alem\u00e3o para aperfei\u00e7oamento lingu\u00edstico de seus funcion\u00e1rios. Aqui voc\u00ea acha alguns exemplos de empresas clientes. Oferecemos-lhe com prazer uma proposta para cursos de alem\u00e3o que se adequem \u00e0s necessidades de seus funcion\u00e1rios.<\/p>\n<div style=\"background: white; text-align: center; padding-bottom: 20px;\"><a href=\"https:\/\/www.douglas.de\/de\" target=\"_blank\" rel=\"noopener noreferrer nofollow\"><img decoding=\"async\" width=\"266\" height=\"140\" class=\"alignleft size-full wp-image-10618\" title=\"Parf\u00fcmerie Douglas\" src=\"https:\/\/www.humboldt-institut.org\/2017\/wp-content\/uploads\/logo-douglas.png\" alt=\"Parf\u00fcmerie Douglas\" srcset=\"https:\/\/www.humboldt-institut.org\/2017\/wp-content\/uploads\/logo-douglas.png 266w, https:\/\/www.humboldt-institut.org\/2017\/wp-content\/uploads\/logo-douglas-160x84.png 160w\" sizes=\"(max-width: 266px) 100vw, 266px\" \/><\/a><a href=\"https:\/\/www.refra.com\/\" target=\"_blank\" rel=\"noopener noreferrer nofollow\"><img decoding=\"async\" width=\"310\" height=\"93\" class=\"alignleft size-full wp-image-10636\" title=\"Refratechnik\" src=\"https:\/\/www.humboldt-institut.org\/2017\/wp-content\/uploads\/logo-refratechnik.png\" alt=\"Refratechnik\" srcset=\"https:\/\/www.humboldt-institut.org\/2017\/wp-content\/uploads\/logo-refratechnik.png 310w, https:\/\/www.humboldt-institut.org\/2017\/wp-content\/uploads\/logo-refratechnik-300x90.png 300w, https:\/\/www.humboldt-institut.org\/2017\/wp-content\/uploads\/logo-refratechnik-160x48.png 160w\" sizes=\"(max-width: 310px) 100vw, 310px\" \/><\/a><a href=\"https:\/\/www.giz.de\/\" target=\"_blank\" rel=\"noopener noreferrer nofollow\"><img decoding=\"async\" width=\"126\" height=\"114\" class=\"alignleft size-full wp-image-10620\" title=\"Deutsche Gesellschaft f\u00fcr Internationale Zusammenarbeit (GIZ) GmbH\" src=\"https:\/\/www.humboldt-institut.org\/2017\/wp-content\/uploads\/logo-giz.png\" alt=\"Deutsche Gesellschaft f\u00fcr Internationale Zusammenarbeit (GIZ) GmbH\" \/><\/a><a href=\"https:\/\/www.glossybox.de\/\" target=\"_blank\" rel=\"noopener noreferrer nofollow\"><img decoding=\"async\" width=\"346\" height=\"88\" class=\"alignleft size-full wp-image-10630\" title=\"Glossybox\" src=\"https:\/\/www.humboldt-institut.org\/2017\/wp-content\/uploads\/logo-glossybox.png\" alt=\"Glossybox\" srcset=\"https:\/\/www.humboldt-institut.org\/2017\/wp-content\/uploads\/logo-glossybox.png 346w, https:\/\/www.humboldt-institut.org\/2017\/wp-content\/uploads\/logo-glossybox-300x76.png 300w, https:\/\/www.humboldt-institut.org\/2017\/wp-content\/uploads\/logo-glossybox-160x41.png 160w\" sizes=\"(max-width: 346px) 100vw, 346px\" \/><\/a><a href=\"https:\/\/www.unifr.ch\/home\/en\/\" target=\"_blank\" rel=\"noopener noreferrer nofollow\"><img decoding=\"async\" width=\"167\" height=\"124\" class=\"alignleft size-full wp-image-10698\" title=\"Universit\u00e4t Freiburg - Universit\u00e9 de Fribourg\" src=\"https:\/\/www.humboldt-institut.org\/2017\/wp-content\/uploads\/logo-uni-fr_mitTextmarke.png\" alt=\"Universit\u00e4t Freiburg - Universit\u00e9 de Fribourg\" srcset=\"https:\/\/www.humboldt-institut.org\/2017\/wp-content\/uploads\/logo-uni-fr_mitTextmarke.png 167w, https:\/\/www.humboldt-institut.org\/2017\/wp-content\/uploads\/logo-uni-fr_mitTextmarke-160x119.png 160w\" sizes=\"(max-width: 167px) 100vw, 167px\" \/><\/a><a href=\"https:\/\/www.europarl.europa.eu\/portal\/pt\" target=\"_blank\" rel=\"noopener noreferrer nofollow\"><img decoding=\"async\" class=\"alignleft wp-image-11564 size-full\" src=\"https:\/\/www.humboldt-institut.org\/2017\/wp-content\/uploads\/logo-eu-parlament_en.png\" alt=\"European Parliament\" width=\"193\" height=\"150\" srcset=\"https:\/\/www.humboldt-institut.org\/2017\/wp-content\/uploads\/logo-eu-parlament_en.png 193w, https:\/\/www.humboldt-institut.org\/2017\/wp-content\/uploads\/logo-eu-parlament_en-160x124.png 160w\" sizes=\"(max-width: 193px) 100vw, 193px\" \/><\/a><a href=\"https:\/\/www.t-systems.com\" target=\"_blank\" rel=\"noopener noreferrer nofollow\"><img decoding=\"async\" class=\"alignleft size-full wp-image-12127 size-full\" src=\"https:\/\/www.humboldt-institut.org\/2017\/wp-content\/uploads\/logo-t-systems-1.png\" alt=\"T-Systems\" width=\"277\" height=\"87\" srcset=\"https:\/\/www.humboldt-institut.org\/2017\/wp-content\/uploads\/logo-t-systems-1.png 277w, https:\/\/www.humboldt-institut.org\/2017\/wp-content\/uploads\/logo-t-systems-1-175x55.png 175w, https:\/\/www.humboldt-institut.org\/2017\/wp-content\/uploads\/logo-t-systems-1-160x50.png 160w\" sizes=\"(max-width: 277px) 100vw, 277px\" \/><\/a><a href=\"https:\/\/www.voith.com\" target=\"_blank\" rel=\"noopener noreferrer nofollow\"><img decoding=\"async\" class=\"alignleft wp-image-12162 size-full\" src=\"https:\/\/www.humboldt-institut.org\/2017\/wp-content\/uploads\/logo-voith-1.png\" alt=\"\" width=\"200\" height=\"76\" srcset=\"https:\/\/www.humboldt-institut.org\/2017\/wp-content\/uploads\/logo-voith-1.png 200w, https:\/\/www.humboldt-institut.org\/2017\/wp-content\/uploads\/logo-voith-1-175x67.png 175w, https:\/\/www.humboldt-institut.org\/2017\/wp-content\/uploads\/logo-voith-1-160x61.png 160w\" sizes=\"(max-width: 200px) 100vw, 200px\" \/><\/a><\/div>\n<p>&nbsp;<\/p>\n<div>\n<h3>Participantes sobre Humboldt<\/h3>\n<\/div>\n<p>Aqui voc\u00ea acha clientes satisfeitos e sua opini\u00e3o sobre os cursos de alem\u00e3o do Instituto Humboldt:<br \/>\n<div class=\"row\">\n<div class=\"col-lg-6 col-xs-12\">\n<div class=\"testimonial\"><div class=\"vertical-center\"><span style=\"font-size: 21px;color:#BFF9FF;font-weight:bold;\">&bdquo;&thinsp;<\/span><span style=\"font-size:21px;border-bottom: solid 3px #BFF9FF;\">Minha estadia em Berlim me abriu v\u00e1rios caminhos a n\u00edvel profissional.<\/span><span style=\"font-size: 21px;color:#BFF9FF;font-weight:bold;\">&ldquo;<\/span><br><\/div><div style=\"position:absolute;right:38px;bottom:20px;\"><small style=\"color:rgb(32, 36, 82)\">Laura, 23<\/small><\/div><\/div>\n<\/div>\n<div class=\"col-lg-6 col-xs-12\">\n<div class=\"testimonial\"><div class=\"vertical-center\"><span style=\"font-size: 21px;color:#BFF9FF;font-weight:bold;\">&bdquo;&thinsp;<\/span><span style=\"font-size:21px;border-bottom: solid 3px #BFF9FF;\">O clima e o curso intensivo s\u00e3o muito bons.<\/span><span style=\"font-size: 21px;color:#BFF9FF;font-weight:bold;\">&ldquo;<\/span><br><\/div><div style=\"position:absolute;right:38px;bottom:20px;\"><small style=\"color:rgb(32, 36, 82)\">Tair, 15<\/small><\/div><\/div>\n<\/div>\n<div class=\"col-lg-6 col-xs-12\">\n<div class=\"testimonial\"><div class=\"vertical-center\"><span style=\"font-size: 21px;color:#BFF9FF;font-weight:bold;\">&bdquo;&thinsp;<\/span><span style=\"font-size:21px;border-bottom: solid 3px #BFF9FF;\">Aqui se aprende facilmente alem\u00e3o. <\/span><span style=\"font-size: 21px;color:#BFF9FF;font-weight:bold;\">&ldquo;<\/span><br><\/div><div style=\"position:absolute;right:38px;bottom:20px;\"><small style=\"color:rgb(32, 36, 82)\">Pavel, 12<\/small><\/div><\/div>\n<\/div>\n<div class=\"col-lg-6 col-xs-12\">\n<div class=\"testimonial\"><div class=\"vertical-center\"><span style=\"font-size: 21px;color:#BFF9FF;font-weight:bold;\">&bdquo;&thinsp;<\/span><span style=\"font-size:21px;border-bottom: solid 3px #BFF9FF;\">Aprendi mais nesta semana do que em muitos anos de aulas anteriores.<\/span><span style=\"font-size: 21px;color:#BFF9FF;font-weight:bold;\">&ldquo;<\/span><br><\/div><div style=\"position:absolute;right:38px;bottom:20px;\"><small style=\"color:rgb(32, 36, 82)\">Agata, 18<\/small><\/div><\/div>\n<\/div>\n<\/div>\n<p>&nbsp;<\/p>\n<h2 id=\"cooperations\">Coopera\u00e7\u00f5es \/ Afilia\u00e7\u00f5es<\/h2>\n<p>O Instituto Humboldt \u00e9 membro da Associa\u00e7\u00e3o profissional para aprendizagem de alem\u00e3o como l\u00edngua estrangeira ou como segundo idioma (<em>FaDaF<\/em>). Em Berlim e em Constan\u00e7a temos centros de exames reconhecidos para o <em>TestDaF<\/em> (Alem\u00e3o como l\u00edngua estrangeira), que \u00e9 geralmente pr\u00e9-requisito para o estudo em uma universidade alem\u00e3.<\/p>\n<p>Em Berlim oferecemos tamb\u00e9m o exame <em>TestAS<\/em> (exame para estudantes universit\u00e1rio estrangeiros).<\/p>\n<p>Nossos centros de estudo em Berlim, Constan\u00e7a e Lindenberg oferecem, al\u00e9m disso, exames de alem\u00e3o da <em>telc<\/em> (The European Language Certificates) para diferentes n\u00edveis: do <em>telc Deutsch A1 junior<\/em> at\u00e9 <em>Deutsch C1 Hochschule<\/em>. As duas escolas em Berlim e Constan\u00e7a s\u00e3o reconhecidas como \u201ccentros de compet\u00eancia telc para faculdade\u201d.<\/p>\n<p>O Instituto Humboldt \u00e9 membro na <a href=\"https:\/\/fdsv.de\/\" target=\"_blank\" rel=\"noopener noreferrer nofollow\">FDSV<\/a> (Associa\u00e7\u00e3o profissional de operadores de viagens para o estudo de idiomas), uma parceria entre os principais operadores de viagens para estudo de idiomas e escolas de idioma. Todos se comprometem a seguir os rigorosos padr\u00f5es de qualidade conforme a Norma europeia sobre viagens para estudo de idiomas DIN EN 14804. Os cursos de alem\u00e3o e os locais de cursos do Instituto Humboldt foram inspecionados conforme crit\u00e9rios detalhados e preenchem todas as exig\u00eancias e diretrizes da <em>FDSV<\/em>.<\/p>\n<p>Como primeiro membro alem\u00e3o da associa\u00e7\u00e3o <a href=\"https:\/\/greenstandardschools.org\/\" target=\"_blank\" rel=\"nofollow noopener\">Green Standard Schools<\/a>, uma associa\u00e7\u00e3o global de escolas de idioma, o Instituto Humboldt de Lindenberg est\u00e1 empenhado com a prote\u00e7\u00e3o sustent\u00e1vel do ambiente. Juntamente com a diminui\u00e7\u00e3o da pegada ecol\u00f3gica das viagens de interc\u00e2mbio, a integra\u00e7\u00e3o do conceito de sustentabilidade nas aulas \u00e9 uma meta importante. Assim, incentiva-se a consci\u00eancia ecol\u00f3gica das alunas e alunos.<\/p>\n<p>&nbsp;<\/p>\n<h2 id=\"premios\">Pr\u00eamios e distin\u00e7\u00f5es<\/h2>\n<p>Os cursos de alem\u00e3o do Humboldt-Institut recebem regularmente pr\u00eamios e distin\u00e7\u00f5es, por exemplo, o <em>Star Award<\/em> na categoria &#8220;Escola de Idioma da Alemanha&#8221; da revista <em>StudyTravel<\/em> ou o <em>UED Award<\/em> da Associa\u00e7\u00e3o de Consultores Educacionais Turcos nas categorias &#8220;Melhor Escola de Ver\u00e3o da Alemanha&#8221; e &#8220;Escola de Idiomas da Alemanha&#8221;.<\/p>\n<p>Ao ganhar o pr\u00eamio S<em>tudyTravel Star Award<\/em> &#8220;Escola de Idiomas da Alemanha&#8221; cinco vezes, o Humboldt-Institut foi admitido no <a href=\"https:\/\/studytravel.network\/star-awards\/super-stars\" target=\"_blank\" rel=\"noopener nofollow\">ST Super Star Hall of Fame<\/a>. O <em>Star Awards<\/em> \u00e9 apresentado todos os anos em Londres pela <em>StudyTravel Magazine<\/em>, uma revista profissional da \u00e1rea de educa\u00e7\u00e3o internacional e viagens de idiomas. Cerca de 3.000 profissionais de viagens de idiomas de mais de 60 pa\u00edses premiam as melhores escolas de idiomas do mundo, e o Humboldt-Institut tem orgulho de fazer parte dessa fam\u00edlia.<\/p>\n<p>Esses pr\u00eamios n\u00e3o s\u00e3o apenas um motivo para comemorar, mas tamb\u00e9m uma prova da satisfa\u00e7\u00e3o de nossos clientes com a excelente qualidade de nossos cursos de alem\u00e3o e a motiva\u00e7\u00e3o para continuar a oferecer ao maior n\u00famero poss\u00edvel de crian\u00e7as, adolescentes e adultos um ambiente ideal para aprender alem\u00e3o e conhecer a Alemanha ainda melhor!<\/p>\n<div class=\"d-flex flex-wrap align-items-center justify-content-between\"><img decoding=\"async\" class=\"alignnone size-full wp-image-39032\" src=\"https:\/\/www.humboldt-institut.org\/2017\/wp-content\/uploads\/ST-Star-Award_German-Language-School-2023-sw.png\" alt=\"Study Travel Star Award 2023\" width=\"154\" height=\"88\" \/><img decoding=\"async\" class=\"alignnone size-full wp-image-39017\" src=\"https:\/\/www.humboldt-institut.org\/2017\/wp-content\/uploads\/ST-Star-Award_German-Language-School-2022-sw.png\" alt=\"Study Travel Star Award 2022\" width=\"154\" height=\"88\" \/><img decoding=\"async\" class=\"alignnone size-full wp-image-39002\" src=\"https:\/\/www.humboldt-institut.org\/2017\/wp-content\/uploads\/ST-Star-Award_German-Language-School-2020_21-sw.png\" alt=\"ST Star Award Best German Language School 2020\/21\" width=\"154\" height=\"88\" \/><img decoding=\"async\" class=\"alignleft wp-image-16488 size-full\" style=\"vertical-align: middle; margin: 10px 30px 20px 0;\" src=\"https:\/\/www.humboldt-institut.org\/2017\/wp-content\/uploads\/UED_Best-School-2019_sw.png\" alt=\"UED Uluslararas\u0131 E\u011fitim Dan\u0131\u015fmanlar\u0131 Derne\u011fi - Best School of 2019 in Germany\" width=\"189\" height=\"86\" \/><img decoding=\"async\" class=\"alignleft wp-image-16004 size-full\" style=\"vertical-align: middle; margin: 25px 30px 20px 0;\" src=\"https:\/\/www.humboldt-institut.org\/2017\/wp-content\/uploads\/ST-Star-Award_German-Language-School-2019_sw.png\" alt=\"ST Star Award Best German Language School 2019\" width=\"162\" height=\"88\" \/><img decoding=\"async\" src=\"https:\/\/www.humboldt-institut.org\/2017\/wp-content\/uploads\/ST-SuperStar-Award-sw1.png\" alt=\"Study Travel SuperStar Award\" width=\"204\" height=\"117\" class=\"alignleft size-full wp-image-52244\" srcset=\"https:\/\/www.humboldt-institut.org\/2017\/wp-content\/uploads\/ST-SuperStar-Award-sw1.png 204w, https:\/\/www.humboldt-institut.org\/2017\/wp-content\/uploads\/ST-SuperStar-Award-sw1-175x100.png 175w\" sizes=\"(max-width: 204px) 100vw, 204px\" \/><img decoding=\"async\" width=\"189\" height=\"86\" class=\"alignleft size-full wp-image-13491\" style=\"vertical-align: middle; margin: 10px 30px 20px 0;\" src=\"https:\/\/www.humboldt-institut.org\/2017\/wp-content\/uploads\/UED_Best-Summer-School-2018_sw.png\" alt=\"UED Uluslararas\u0131 E\u011fitim Dan\u0131\u015fmanlar\u0131 Derne\u011fi - Best Summer School of 2018 in Germany\" srcset=\"https:\/\/www.humboldt-institut.org\/2017\/wp-content\/uploads\/UED_Best-Summer-School-2018_sw.png 189w, https:\/\/www.humboldt-institut.org\/2017\/wp-content\/uploads\/UED_Best-Summer-School-2018_sw-175x80.png 175w, https:\/\/www.humboldt-institut.org\/2017\/wp-content\/uploads\/UED_Best-Summer-School-2018_sw-160x73.png 160w\" sizes=\"(max-width: 189px) 100vw, 189px\" \/><\/div>\n<p>&nbsp;<\/p>\n","protected":false},"excerpt":{"rendered":"<p>O Instituto Humboldt foi criado em 1977 por Norbert G\u00fcthling. Durante seu estudo, ele organizava para estudantes alem\u00e3es estadias na Inglaterra e Fran\u00e7a. No entanto, ele n\u00e3o estava satisfeito [&hellip;]<\/p>\n","protected":false},"author":2,"featured_media":0,"parent":4458,"menu_order":153,"comment_status":"closed","ping_status":"closed","template":"page_about.php","meta":{"_acf_changed":false,"inline_featured_image":false,"footnotes":""},"class_list":["post-4455","page","type-page","status-publish","hentry"],"acf":[],"_links":{"self":[{"href":"https:\/\/www.humboldt-institut.org\/pt-pt\/wp-json\/wp\/v2\/pages\/4455","targetHints":{"allow":["GET"]}}],"collection":[{"href":"https:\/\/www.humboldt-institut.org\/pt-pt\/wp-json\/wp\/v2\/pages"}],"about":[{"href":"https:\/\/www.humboldt-institut.org\/pt-pt\/wp-json\/wp\/v2\/types\/page"}],"author":[{"embeddable":true,"href":"https:\/\/www.humboldt-institut.org\/pt-pt\/wp-json\/wp\/v2\/users\/2"}],"replies":[{"embeddable":true,"href":"https:\/\/www.humboldt-institut.org\/pt-pt\/wp-json\/wp\/v2\/comments?post=4455"}],"version-history":[{"count":8,"href":"https:\/\/www.humboldt-institut.org\/pt-pt\/wp-json\/wp\/v2\/pages\/4455\/revisions"}],"predecessor-version":[{"id":52263,"href":"https:\/\/www.humboldt-institut.org\/pt-pt\/wp-json\/wp\/v2\/pages\/4455\/revisions\/52263"}],"up":[{"embeddable":true,"href":"https:\/\/www.humboldt-institut.org\/pt-pt\/wp-json\/wp\/v2\/pages\/4458"}],"wp:attachment":[{"href":"https:\/\/www.humboldt-institut.org\/pt-pt\/wp-json\/wp\/v2\/media?parent=4455"}],"curies":[{"name":"wp","href":"https:\/\/api.w.org\/{rel}","templated":true}]}}