{"id":36591,"date":"2023-02-16T08:51:04","date_gmt":"2023-02-16T07:51:04","guid":{"rendered":"https:\/\/www.humboldt-institut.org\/?page_id=36591"},"modified":"2023-02-16T16:33:20","modified_gmt":"2023-02-16T15:33:20","slug":"cursos-de-alemao-para-grupos","status":"publish","type":"page","link":"https:\/\/www.humboldt-institut.org\/pt-pt\/cursos-de-alemao\/cursos-de-alemao-para-grupos\/","title":{"rendered":"Alem\u00e3o para grupos"},"content":{"rendered":"<p>Voc\u00ea est\u00e1 procurando por cursos de alem\u00e3o para um grupo ou uma classe escolar? Nos locais do curso<\/p>\n<ul>\n<li><a href=\"https:\/\/www.humboldt-institut.org\/pt-pt\/cursos-de-alemao-em\/bad-schussenried\/\">Bad Schussenried<\/a> (10-17 anos)<\/li>\n<li><a href=\"https:\/\/www.humboldt-institut.org\/pt-pt\/cursos-de-alemao-em\/lindenberg\/\">Lindenberg<\/a> (13-17 anos)<\/li>\n<li><a href=\"https:\/\/www.humboldt-institut.org\/pt-pt\/cursos-de-alemao-em\/constanca\/\">Constan\u00e7a<\/a> (14 anos ou mais)<\/li>\n<li><a href=\"https:\/\/www.humboldt-institut.org\/pt-pt\/cursos-de-alemao-em\/berlim-mitte\/\">Berlim-Mitte<\/a> (14 anos de idade ou mais)<\/li>\n<\/ul>\n<p>grupos s\u00e3o bem-vindos durante todo o ano. Locais adicionais de cursos est\u00e3o abertos no ver\u00e3o. Para reservas de grupo de 10 ou mais pessoas, o Humboldt-Institut oferece condi\u00e7\u00f5es particularmente favor\u00e1veis fora da alta temporada. As taxas do curso incluem:<\/p>\n","protected":false},"excerpt":{"rendered":"<p>Voc\u00ea est\u00e1 procurando por cursos de alem\u00e3o para um grupo ou uma classe escolar? Nos locais do curso Bad Schussenried (10-17 anos) Lindenberg (13-17 anos) Constan\u00e7a (14 anos ou [&hellip;]<\/p>\n","protected":false},"author":2,"featured_media":34886,"parent":4760,"menu_order":72,"comment_status":"closed","ping_status":"closed","template":"page_courses-3.php","meta":{"_acf_changed":false,"inline_featured_image":false,"footnotes":""},"class_list":["post-36591","page","type-page","status-publish","has-post-thumbnail","hentry"],"acf":[],"_links":{"self":[{"href":"https:\/\/www.humboldt-institut.org\/pt-pt\/wp-json\/wp\/v2\/pages\/36591","targetHints":{"allow":["GET"]}}],"collection":[{"href":"https:\/\/www.humboldt-institut.org\/pt-pt\/wp-json\/wp\/v2\/pages"}],"about":[{"href":"https:\/\/www.humboldt-institut.org\/pt-pt\/wp-json\/wp\/v2\/types\/page"}],"author":[{"embeddable":true,"href":"https:\/\/www.humboldt-institut.org\/pt-pt\/wp-json\/wp\/v2\/users\/2"}],"replies":[{"embeddable":true,"href":"https:\/\/www.humboldt-institut.org\/pt-pt\/wp-json\/wp\/v2\/comments?post=36591"}],"version-history":[{"count":0,"href":"https:\/\/www.humboldt-institut.org\/pt-pt\/wp-json\/wp\/v2\/pages\/36591\/revisions"}],"up":[{"embeddable":true,"href":"https:\/\/www.humboldt-institut.org\/pt-pt\/wp-json\/wp\/v2\/pages\/4760"}],"wp:featuredmedia":[{"embeddable":true,"href":"https:\/\/www.humboldt-institut.org\/pt-pt\/wp-json\/wp\/v2\/media\/34886"}],"wp:attachment":[{"href":"https:\/\/www.humboldt-institut.org\/pt-pt\/wp-json\/wp\/v2\/media?parent=36591"}],"curies":[{"name":"wp","href":"https:\/\/api.w.org\/{rel}","templated":true}]}}