{"id":36256,"date":"2023-02-14T10:54:19","date_gmt":"2023-02-14T09:54:19","guid":{"rendered":"https:\/\/www.humboldt-institut.org\/?page_id=36256"},"modified":"2024-09-16T11:11:15","modified_gmt":"2024-09-16T09:11:15","slug":"universidade-na-alemanha","status":"publish","type":"page","link":"https:\/\/www.humboldt-institut.org\/pt-pt\/cursos-de-alemao\/adultos\/universidade-na-alemanha\/","title":{"rendered":"Alem\u00e3o + universidade"},"content":{"rendered":"<p>\u201cMade in Germany\u201d \u00e9 um selo de qualidade reconhecido em todo o mundo. Um estudo em universidade na Alemanha d\u00e1 uma clara vantagem competitiva aos estudantes estrangeiros no mercado de trabalho internacional. Em compara\u00e7\u00e3o internacional, a Alemanha, como local de estudos universit\u00e1rios, oferece uma alta qualidade e \u00f3timas oportunidades de pesquisa. Al\u00e9m do mais, o <strong>estudo universit\u00e1rio na Alemanha<\/strong> \u00e9 comparativamente mais barato.<\/p>\n<table style=\"width: 100%;\">\n<thead>\n<tr>\n<th valign=\"top\">Quais as vantagens de estudar em universidade na Alemanha?<\/th>\n<th valign=\"top\">As vantagens dos cursos de alem\u00e3o no Humboldt-Institut<\/th>\n<\/tr>\n<\/thead>\n<tbody>\n<tr>\n<td>\n<ul style=\"padding-left: 1rem;\">\n<li>Universidades conhecidas mundialmente<\/li>\n<li>Mais de 17.000 cursos de gradua\u00e7\u00e3o<\/li>\n<li>Taxas de estudos baratas ou sem nenhuma<\/li>\n<li>Mercado de trabalho atraente<\/li>\n<li>Ambiente seguro para estudantes<\/li>\n<\/ul>\n<\/td>\n<td>\n<ul style=\"padding-left: 1rem;\">\n<li>Aulas intensivas + aprendizagem r\u00e1pida<\/li>\n<li>Ambiente familiar<\/li>\n<li>Pacote completo incluindo acomoda\u00e7\u00e3o<\/li>\n<li>Exames TestDaF e telc<\/li>\n<li>Mais de 45 anos de experi\u00eancia<\/li>\n<\/ul>\n<\/td>\n<\/tr>\n<\/tbody>\n<\/table>\n<p>Invista hoje em seu futuro: O Instituto Humboldt aconselha e apoia os participantes de seus cursos de alem\u00e3o que gostariam de estudar na Alemanha atrav\u00e9s do <strong>Servi\u00e7o de aconselhamento e de inscri\u00e7\u00e3o<\/strong> para uma vaga para estudo universit\u00e1rio. Verificamos, a partir de seus certificados escolares e\/ou acad\u00eamicos do seu pa\u00eds, se h\u00e1 possibilidade de voc\u00ea ingressar direta ou indiretamente em uma universidade na Alemanha.<\/p>\n","protected":false},"excerpt":{"rendered":"<p>\u201cMade in Germany\u201d \u00e9 um selo de qualidade reconhecido em todo o mundo. Um estudo em universidade na Alemanha d\u00e1 uma clara vantagem competitiva aos estudantes estrangeiros no mercado [&hellip;]<\/p>\n","protected":false},"author":378,"featured_media":34679,"parent":36140,"menu_order":98,"comment_status":"closed","ping_status":"closed","template":"page_courses-3.php","meta":{"_acf_changed":false,"inline_featured_image":false,"footnotes":""},"class_list":["post-36256","page","type-page","status-publish","has-post-thumbnail","hentry"],"acf":[],"_links":{"self":[{"href":"https:\/\/www.humboldt-institut.org\/pt-pt\/wp-json\/wp\/v2\/pages\/36256","targetHints":{"allow":["GET"]}}],"collection":[{"href":"https:\/\/www.humboldt-institut.org\/pt-pt\/wp-json\/wp\/v2\/pages"}],"about":[{"href":"https:\/\/www.humboldt-institut.org\/pt-pt\/wp-json\/wp\/v2\/types\/page"}],"author":[{"embeddable":true,"href":"https:\/\/www.humboldt-institut.org\/pt-pt\/wp-json\/wp\/v2\/users\/378"}],"replies":[{"embeddable":true,"href":"https:\/\/www.humboldt-institut.org\/pt-pt\/wp-json\/wp\/v2\/comments?post=36256"}],"version-history":[{"count":6,"href":"https:\/\/www.humboldt-institut.org\/pt-pt\/wp-json\/wp\/v2\/pages\/36256\/revisions"}],"predecessor-version":[{"id":45023,"href":"https:\/\/www.humboldt-institut.org\/pt-pt\/wp-json\/wp\/v2\/pages\/36256\/revisions\/45023"}],"up":[{"embeddable":true,"href":"https:\/\/www.humboldt-institut.org\/pt-pt\/wp-json\/wp\/v2\/pages\/36140"}],"wp:featuredmedia":[{"embeddable":true,"href":"https:\/\/www.humboldt-institut.org\/pt-pt\/wp-json\/wp\/v2\/media\/34679"}],"wp:attachment":[{"href":"https:\/\/www.humboldt-institut.org\/pt-pt\/wp-json\/wp\/v2\/media?parent=36256"}],"curies":[{"name":"wp","href":"https:\/\/api.w.org\/{rel}","templated":true}]}}