{"id":4451,"date":"2017-02-24T09:13:51","date_gmt":"2017-02-24T09:13:51","guid":{"rendered":"https:\/\/www.humboldt-institut.org\/?page_id=4451\/"},"modified":"2025-01-08T08:28:52","modified_gmt":"2025-01-08T07:28:52","slug":"perche-scegliere-humboldt","status":"publish","type":"page","link":"https:\/\/www.humboldt-institut.org\/it\/listituto\/perche-scegliere-humboldt\/","title":{"rendered":"Perch\u00e8 scegliere l&#8217;Humboldt?"},"content":{"rendered":"<p>Imparare il tedesco, ma dove? La scelta di corsi di tedesco \u00e8 ampia ma non \u00e8 facile trovare quello giusto. Ecco alcuni buoni motivi per scegliere un corso all&#8217;Humboldt-Institut:<\/p>\n<div class=\"row why-humboldt ml-0\">\n<div class=\"col-md-4 col-sm-6 col-xs-12 no-padding-left\">\n<div class=\"expandable-box p-2 pt-3\"><div class=\"List-Item-Header\" style=\"min-height:160px;\"><h2 class=\"List-Item-Header-Name\"><span class=\"toggle\">Atmosfera familiare<\/span><\/h2><div class=\"List-Item-Detail\">\nLe scuole dell&#8217;Humboldt-Institut sono convitti, forma scolastica che garantisce un maggior successo nello studio e crea un&#8217;atmosfera gioiosa e collegiale tra i partecipanti al corso. Il nostro impegno \u00e8 costantemente rivolto a far sentire a proprio agio i nostri allievi fin dal primissimo giorno.<br \/>\n<\/div><div style=\"position:absolute;bottom:0;right:0;\"><br><span class=\"fas fa-chevron-down\" aria-hidden=\"true\" style=\"color:#5bc0de;font-family: 'FontAwesome';\"><\/span><\/div><div style=\"position:absolute;bottom:0;right:0;display:none;\"><span class=\"fas fa-chevron-up\" aria-hidden=\"true\" style=\"color:#5bc0de;font-family: 'FontAwesome';\"><\/span><\/div><\/div><\/div>\n<\/div>\n<div class=\"col-md-4 col-sm-6 col-xs-12 no-padding-left\">\n<div class=\"expandable-box p-2 pt-3\"><div class=\"List-Item-Header\" style=\"min-height:160px;\"><h2 class=\"List-Item-Header-Name\"><span class=\"toggle\">Classi piccole e corsi intensivi<\/span><\/h2><div class=\"List-Item-Detail\">\nLe nostre classi sono composte di una media di circa 10 alunni, seguiti da insegnanti madrelingua, altamente motivati ed in possesso del diploma di laurea. I nostri corsi intensivi prevedono 30 ore di lezione settimanali (un&#8217;ora equivale a 45 minuti), monte ore che supera quello della maggior parte degli altri operatori del settore.<br \/>\n<\/div><div style=\"position:absolute;bottom:0;right:0;\"><br><span class=\"fas fa-chevron-down\" aria-hidden=\"true\" style=\"color:#5bc0de;font-family: 'FontAwesome';\"><\/span><\/div><div style=\"position:absolute;bottom:0;right:0;display:none;\"><span class=\"fas fa-chevron-up\" aria-hidden=\"true\" style=\"color:#5bc0de;font-family: 'FontAwesome';\"><\/span><\/div><\/div><\/div>\n<\/div>\n<div class=\"col-md-4 col-sm-6 col-xs-12 no-padding-left expandable-box-full-image\">\n<img decoding=\"async\" class=\"img-responsive alignnone wp-image-2711 \" src=\"https:\/\/www.humboldt-institut.org\/2017\/wp-content\/uploads\/Munich-Class_in_session-0969-16x9-1.webp\" alt=\"Lessons during the German summer camp in Munich\" width=\"553\" height=\"311\" \/><br \/>\n<\/div>\n<div class=\"col-md-4 col-sm-6 col-xs-12 no-padding-left\">\n<div class=\"expandable-box p-2 pt-3\"><div class=\"List-Item-Header\" style=\"min-height:160px;\"><h2 class=\"List-Item-Header-Name\"><span class=\"toggle\">45 anni d&#039;esperienza<\/span><\/h2><div class=\"List-Item-Detail\">\nLa nostra clientela pu\u00f2 contare su pi\u00f9 di 45 anni d&#8217;esperienza nell&#8217;insegnamento della lingua tedesca e su pi\u00f9 di 90.000 allievi soddisfatti, provenienti da oltre 160 paesi.<br \/>\n<\/div><div style=\"position:absolute;bottom:0;right:0;\"><br><span class=\"fas fa-chevron-down\" aria-hidden=\"true\" style=\"color:#5bc0de;font-family: 'FontAwesome';\"><\/span><\/div><div style=\"position:absolute;bottom:0;right:0;display:none;\"><span class=\"fas fa-chevron-up\" aria-hidden=\"true\" style=\"color:#5bc0de;font-family: 'FontAwesome';\"><\/span><\/div><\/div><\/div>\n<\/div>\n<div class=\"col-md-4 col-sm-6 col-xs-12 no-padding-left\">\n<div class=\"expandable-box p-2 pt-3\"><div class=\"List-Item-Header\" style=\"min-height:160px;\"><h2 class=\"List-Item-Header-Name\"><span class=\"toggle\">Progressione rapida nello studio<\/span><\/h2><div class=\"List-Item-Detail\">\nPresso l&#8217;Humboldt-Institut, un principiante senza alcuna conoscenza pregressa pu\u00f2 superare il TestDaF ad un livello C1 dopo soli 8 mesi.<br \/>\n<\/div><div style=\"position:absolute;bottom:0;right:0;\"><br><span class=\"fas fa-chevron-down\" aria-hidden=\"true\" style=\"color:#5bc0de;font-family: 'FontAwesome';\"><\/span><\/div><div style=\"position:absolute;bottom:0;right:0;display:none;\"><span class=\"fas fa-chevron-up\" aria-hidden=\"true\" style=\"color:#5bc0de;font-family: 'FontAwesome';\"><\/span><\/div><\/div><\/div>\n<\/div>\n<div class=\"col-md-4 col-sm-6 col-xs-12 no-padding-left\">\n<div class=\"expandable-box p-2 pt-3\"><div class=\"List-Item-Header\" style=\"min-height:160px;\"><h2 class=\"List-Item-Header-Name\"><span class=\"toggle\">Esami riconosciuti<\/span><\/h2><div class=\"List-Item-Detail\">\nGli esami TestDaF, TestAS e telc sostenuti presso l&#8217;Humboldt-Institut sono riconosciuti a livello internazionale e incrementano la possibilit\u00e0 di successo accademico e lavorativo.<br \/>\n<\/div><div style=\"position:absolute;bottom:0;right:0;\"><br><span class=\"fas fa-chevron-down\" aria-hidden=\"true\" style=\"color:#5bc0de;font-family: 'FontAwesome';\"><\/span><\/div><div style=\"position:absolute;bottom:0;right:0;display:none;\"><span class=\"fas fa-chevron-up\" aria-hidden=\"true\" style=\"color:#5bc0de;font-family: 'FontAwesome';\"><\/span><\/div><\/div><\/div>\n<\/div>\n<div class=\"col-md-4 col-sm-6 col-xs-12 no-padding-left\">\n<div class=\"expandable-box p-2 pt-3\"><div class=\"List-Item-Header\" style=\"min-height:160px;\"><h2 class=\"List-Item-Header-Name\"><span class=\"toggle\">Tariffe trasparenti<\/span><\/h2><div class=\"List-Item-Detail\">\nI nostri prezzi sono trasparenti. La tariffa del corso comprende di norma le lezioni, vitto e alloggio in pensione completa, i materiali per il corso, il programma per il tempo libero e le escursioni. Non ci sono costi nascosti!<br \/>\n<\/div><div style=\"position:absolute;bottom:0;right:0;\"><br><span class=\"fas fa-chevron-down\" aria-hidden=\"true\" style=\"color:#5bc0de;font-family: 'FontAwesome';\"><\/span><\/div><div style=\"position:absolute;bottom:0;right:0;display:none;\"><span class=\"fas fa-chevron-up\" aria-hidden=\"true\" style=\"color:#5bc0de;font-family: 'FontAwesome';\"><\/span><\/div><\/div><\/div>\n<\/div>\n<div class=\"col-md-4 col-sm-6 col-xs-12 no-padding-left expandable-box-full-image\">\n<img decoding=\"async\" class=\"alignnone wp-image-2738\" src=\"https:\/\/www.humboldt-institut.org\/2017\/wp-content\/uploads\/2016\/06\/Wittgenstein_Transfer_7365_16x9.jpg\" alt=\"Arrivi al Castello di Wittgenstein\" width=\"548\" height=\"308\" srcset=\"https:\/\/www.humboldt-institut.org\/2017\/wp-content\/uploads\/2016\/06\/Wittgenstein_Transfer_7365_16x9.jpg 1920w, https:\/\/www.humboldt-institut.org\/2017\/wp-content\/uploads\/2016\/06\/Wittgenstein_Transfer_7365_16x9-300x169.jpg 300w, https:\/\/www.humboldt-institut.org\/2017\/wp-content\/uploads\/2016\/06\/Wittgenstein_Transfer_7365_16x9-768x432.jpg 768w, https:\/\/www.humboldt-institut.org\/2017\/wp-content\/uploads\/2016\/06\/Wittgenstein_Transfer_7365_16x9-1024x576.jpg 1024w, https:\/\/www.humboldt-institut.org\/2017\/wp-content\/uploads\/2016\/06\/Wittgenstein_Transfer_7365_16x9-160x90.jpg 160w\" sizes=\"(max-width: 548px) 100vw, 548px\" \/><br \/>\n<\/div>\n<div class=\"col-md-4 col-sm-6 col-xs-12 no-padding-left\">\n<div class=\"expandable-box p-2 pt-3\"><div class=\"List-Item-Header\" style=\"min-height:160px;\"><h2 class=\"List-Item-Header-Name\"><span class=\"toggle\">Sicurezza e assistenza 24 ore su 24<\/span><\/h2><div class=\"List-Item-Detail\">\nI nostri bambini e ragazzi vengono seguiti 24 ore al giorno e hanno sempre a disposizione una persona di riferimento di assoluta fiducia<br \/>\n<\/div><div style=\"position:absolute;bottom:0;right:0;\"><br><span class=\"fas fa-chevron-down\" aria-hidden=\"true\" style=\"color:#5bc0de;font-family: 'FontAwesome';\"><\/span><\/div><div style=\"position:absolute;bottom:0;right:0;display:none;\"><span class=\"fas fa-chevron-up\" aria-hidden=\"true\" style=\"color:#5bc0de;font-family: 'FontAwesome';\"><\/span><\/div><\/div><\/div>\n<\/div>\n<div class=\"col-md-4 col-sm-6 col-xs-12 no-padding-left\">\n<div class=\"expandable-box p-2 pt-3\"><div class=\"List-Item-Header\" style=\"min-height:160px;\"><h2 class=\"List-Item-Header-Name\"><span class=\"toggle\">Imparare tutto l&#039;anno<\/span><\/h2><div class=\"List-Item-Detail\">\nIn alcuni nostri centri \u00e8 possibile studiare il tedesco 365 giorni l&#8217;anno.<br \/>\n<\/div><div style=\"position:absolute;bottom:0;right:0;\"><br><span class=\"fas fa-chevron-down\" aria-hidden=\"true\" style=\"color:#5bc0de;font-family: 'FontAwesome';\"><\/span><\/div><div style=\"position:absolute;bottom:0;right:0;display:none;\"><span class=\"fas fa-chevron-up\" aria-hidden=\"true\" style=\"color:#5bc0de;font-family: 'FontAwesome';\"><\/span><\/div><\/div><\/div>\n<\/div>\n<div class=\"col-md-4 col-sm-6 col-xs-12 no-padding-left\">\n<div class=\"expandable-box p-2 pt-3\"><div class=\"List-Item-Header\" style=\"min-height:160px;\"><h2 class=\"List-Item-Header-Name\"><span class=\"toggle\">L&#039;Humboldt crea ponti<\/span><\/h2><div class=\"List-Item-Detail\">\nI nostri studenti provengono da oltre 160 paesi. Questo consente di conoscere altre culture, allargare i propri orizzonti e fare amicizia mentre si impara il tedesco.<br \/>\n<\/div><div style=\"position:absolute;bottom:0;right:0;\"><br><span class=\"fas fa-chevron-down\" aria-hidden=\"true\" style=\"color:#5bc0de;font-family: 'FontAwesome';\"><\/span><\/div><div style=\"position:absolute;bottom:0;right:0;display:none;\"><span class=\"fas fa-chevron-up\" aria-hidden=\"true\" style=\"color:#5bc0de;font-family: 'FontAwesome';\"><\/span><\/div><\/div><\/div>\n<\/div>\n<div class=\"col-md-4 col-sm-6 col-xs-12 no-padding-left\">\n<div class=\"expandable-box p-2 pt-3\"><div class=\"List-Item-Header\" style=\"min-height:160px;\"><h2 class=\"List-Item-Header-Name\"><span class=\"toggle\">Un concetto unico, tante scuole<\/span><\/h2><div class=\"List-Item-Detail\">\nI nostri allievi possono scegliere tra diversi centri avendo la garanzia di seguire lo stesso programma e di ottenere la medesima qualit\u00e0 didattica. Questo passaggio da una scuola all&#8217;altra \u00e8 possibile, ad esempio, scegliendo il corso &#8220;due in uno&#8221; Berlino-Costanza.<br \/>\n<\/div><div style=\"position:absolute;bottom:0;right:0;\"><br><span class=\"fas fa-chevron-down\" aria-hidden=\"true\" style=\"color:#5bc0de;font-family: 'FontAwesome';\"><\/span><\/div><div style=\"position:absolute;bottom:0;right:0;display:none;\"><span class=\"fas fa-chevron-up\" aria-hidden=\"true\" style=\"color:#5bc0de;font-family: 'FontAwesome';\"><\/span><\/div><\/div><\/div>\n<\/div>\n<div class=\"col-md-4 col-sm-6 col-xs-12 no-padding-left expandable-box-full-image\">\n<img decoding=\"async\" class=\"alignnone wp-image-2719\" src=\"https:\/\/www.humboldt-institut.org\/2017\/wp-content\/uploads\/Duesseldorf-In_front_of_the_class-3961-16x9-1.webp\" alt=\"Lessons in D\u00fcsseldorf\" width=\"619\" height=\"348\" \/><br \/>\n<\/div>\n<div class=\"col-md-4 col-sm-6 col-xs-12 no-padding-left\">\n<div class=\"expandable-box p-2 pt-3\"><div class=\"List-Item-Header\" style=\"min-height:160px;\"><h2 class=\"List-Item-Header-Name\"><span class=\"toggle\">Frequentare la scuola in Germania<\/span><\/h2><div class=\"List-Item-Detail\">\nI nostri corsi intensivi di tedesco e il <a href=\"https:\/\/www.humboldt-institut.org\/it\/corsi-di-tedesco\/bambini-e-ragazzi\/corso-di-transizione-scolastica\/\">corso di transizione scolastica<\/a> offrono ai ragazzi una base solida per poter poi frequentare una scuola superiore tedesca con convitto!<br \/>\n<\/div><div style=\"position:absolute;bottom:0;right:0;\"><br><span class=\"fas fa-chevron-down\" aria-hidden=\"true\" style=\"color:#5bc0de;font-family: 'FontAwesome';\"><\/span><\/div><div style=\"position:absolute;bottom:0;right:0;display:none;\"><span class=\"fas fa-chevron-up\" aria-hidden=\"true\" style=\"color:#5bc0de;font-family: 'FontAwesome';\"><\/span><\/div><\/div><\/div>\n<\/div>\n<div class=\"col-md-4 col-sm-6 col-xs-12 no-padding-left\">\n<div class=\"expandable-box p-2 pt-3\"><div class=\"List-Item-Header\" style=\"min-height:160px;\"><h2 class=\"List-Item-Header-Name\"><span class=\"toggle\">Pronti per l&#039;universit\u00e0<\/span><\/h2><div class=\"List-Item-Detail\">\nOffriamo una preparazione rapida e mirata per il TestDaF o il telc Deutsch C1 Hochschule (per l&#8217;universit\u00e0).<br \/>\n<\/div><div style=\"position:absolute;bottom:0;right:0;\"><br><span class=\"fas fa-chevron-down\" aria-hidden=\"true\" style=\"color:#5bc0de;font-family: 'FontAwesome';\"><\/span><\/div><div style=\"position:absolute;bottom:0;right:0;display:none;\"><span class=\"fas fa-chevron-up\" aria-hidden=\"true\" style=\"color:#5bc0de;font-family: 'FontAwesome';\"><\/span><\/div><\/div><\/div>\n<\/div>\n<div class=\"col-md-4 col-sm-6 col-xs-12 no-padding-left\">\n<div class=\"expandable-box p-2 pt-3\"><div class=\"List-Item-Header\" style=\"min-height:160px;\"><h2 class=\"List-Item-Header-Name\"><span class=\"toggle\">Scoprire la Germania<\/span><\/h2><div class=\"List-Item-Detail\">\nTutti i corsi di tedesco comprendono un ricco programma quotidiano per il tempo libero e la partecipazione a gite ed escursioni, offrendo cos\u00ec ai partecipanti un assaggio della vita e della cultura tedesca.<br \/>\n<\/div><div style=\"position:absolute;bottom:0;right:0;\"><br><span class=\"fas fa-chevron-down\" aria-hidden=\"true\" style=\"color:#5bc0de;font-family: 'FontAwesome';\"><\/span><\/div><div style=\"position:absolute;bottom:0;right:0;display:none;\"><span class=\"fas fa-chevron-up\" aria-hidden=\"true\" style=\"color:#5bc0de;font-family: 'FontAwesome';\"><\/span><\/div><\/div><\/div>\n<\/div>\n<div class=\"col-md-4 col-sm-6 col-xs-12 no-padding-left expandable-box-full-image\">\n<img decoding=\"async\" class=\"alignnone wp-image-2727\" src=\"https:\/\/www.humboldt-institut.org\/2017\/wp-content\/uploads\/Bad_Duerkheim-Basketball_group-4712-16x9-1.webp\" alt=\"Young students playing basketball at the summer course in Bad D\u00fcrkheim\" width=\"631\" height=\"355\" \/><br \/>\n<\/div>\n<div class=\"col-md-4 col-sm-6 col-xs-12 no-padding-left\">\n<div class=\"expandable-box p-2 pt-3\"><div class=\"List-Item-Header\" style=\"min-height:160px;\"><h2 class=\"List-Item-Header-Name\"><span class=\"toggle\">Tedesco e sport<\/span><\/h2><div class=\"List-Item-Detail\">\nImparare il tedesco andando a cavallo, con attivit\u00e0 all&#8217;aperto, sciando o facendo snowboard? Nessun problema grazie all&#8217;ampia scelta di corsi opzionali.<br \/>\n<\/div><div style=\"position:absolute;bottom:0;right:0;\"><br><span class=\"fas fa-chevron-down\" aria-hidden=\"true\" style=\"color:#5bc0de;font-family: 'FontAwesome';\"><\/span><\/div><div style=\"position:absolute;bottom:0;right:0;display:none;\"><span class=\"fas fa-chevron-up\" aria-hidden=\"true\" style=\"color:#5bc0de;font-family: 'FontAwesome';\"><\/span><\/div><\/div><\/div>\n<\/div>\n<p>&nbsp;<\/p>\n<\/div>\n<p>Come vede, l&#8217;Humboldt-Institut garantisce una rapida progressione nello studio e consente di imparare in maniera divertente, in un ambiente stimolante e di lingua tedesca.<\/p>\n<p>Abbiamo sempre un corso adatto alle sue esigenze!<\/p>\n<h3>Ha una domanda?<\/h3>\n<p>Trover\u00e0 le domande e risposte pi\u00f9 frequenti nella nostra sezione <a href=\"https:\/\/www.humboldt-institut.org\/it\/listituto\/faq\/\">FAQ<\/a>.<br \/>\nNon esiti a <a href=\"https:\/\/www.humboldt-institut.org\/it\/richiesta\/\">contattarci<\/a> per un&#8217;offerta su misura.<\/p>\n\n","protected":false},"excerpt":{"rendered":"<p>Imparare il tedesco, ma dove? La scelta di corsi di tedesco \u00e8 ampia ma non \u00e8 facile trovare quello giusto. Ecco alcuni buoni motivi per scegliere un corso all&#8217;Humboldt-Institut: [&hellip;]<\/p>\n","protected":false},"author":2,"featured_media":0,"parent":4457,"menu_order":177,"comment_status":"closed","ping_status":"closed","template":"","meta":{"_acf_changed":false,"inline_featured_image":false,"footnotes":""},"class_list":["post-4451","page","type-page","status-publish","hentry"],"acf":[],"_links":{"self":[{"href":"https:\/\/www.humboldt-institut.org\/it\/wp-json\/wp\/v2\/pages\/4451","targetHints":{"allow":["GET"]}}],"collection":[{"href":"https:\/\/www.humboldt-institut.org\/it\/wp-json\/wp\/v2\/pages"}],"about":[{"href":"https:\/\/www.humboldt-institut.org\/it\/wp-json\/wp\/v2\/types\/page"}],"author":[{"embeddable":true,"href":"https:\/\/www.humboldt-institut.org\/it\/wp-json\/wp\/v2\/users\/2"}],"replies":[{"embeddable":true,"href":"https:\/\/www.humboldt-institut.org\/it\/wp-json\/wp\/v2\/comments?post=4451"}],"version-history":[{"count":3,"href":"https:\/\/www.humboldt-institut.org\/it\/wp-json\/wp\/v2\/pages\/4451\/revisions"}],"predecessor-version":[{"id":46487,"href":"https:\/\/www.humboldt-institut.org\/it\/wp-json\/wp\/v2\/pages\/4451\/revisions\/46487"}],"up":[{"embeddable":true,"href":"https:\/\/www.humboldt-institut.org\/it\/wp-json\/wp\/v2\/pages\/4457"}],"wp:attachment":[{"href":"https:\/\/www.humboldt-institut.org\/it\/wp-json\/wp\/v2\/media?parent=4451"}],"curies":[{"name":"wp","href":"https:\/\/api.w.org\/{rel}","templated":true}]}}