{"id":36280,"date":"2023-02-01T10:49:59","date_gmt":"2023-02-01T09:49:59","guid":{"rendered":"https:\/\/www.humboldt-institut.org\/?page_id=36280"},"modified":"2023-02-16T16:25:54","modified_gmt":"2023-02-16T15:25:54","slug":"cours-d-allemand-pour-groupes","status":"publish","type":"page","link":"https:\/\/www.humboldt-institut.org\/fr\/cours-d-allemand\/cours-d-allemand-pour-groupes\/","title":{"rendered":"Allemand pour groupes"},"content":{"rendered":"<p>Vous cherchez des cours d\u2019allemand pour des groupes ou des classes? Des inscriptions pour des groupes sont possibles dans plusieurs de nos centres de cours, par example \u00e0:<\/p>\n<ul>\n<li><a href=\"https:\/\/www.humboldt-institut.org\/fr\/cours-d-allemand-a\/bad-schussenried\/\">Bad Schussenried<\/a> (\u00e2ges 10-17)<\/li>\n<li><a href=\"https:\/\/www.humboldt-institut.org\/fr\/cours-d-allemand-a\/lindenberg\/\">Lindenberg<\/a> (\u00e2ges 13-17)<\/li>\n<li><a href=\"https:\/\/www.humboldt-institut.org\/fr\/cours-d-allemand-a\/constance\/\">Constance<\/a> (\u00e2ges 14 et plus)<\/li>\n<li><a href=\"https:\/\/www.humboldt-institut.org\/fr\/cours-d-allemand-a\/berlin-mitte\/\">Berlin-Mitte<\/a> (\u00e2ges 14 et plus)<\/li>\n<\/ul>\n<p>Des lieux de cours suppl\u00e9mentaires sont ouverts en \u00e9t\u00e9.<\/p>\n<p>Pour toute r\u00e9servation hors de la saison estivale, nous proposons des conditions tr\u00e8s avantageuses. Les participants obtiennent les transferts gratuitement ainsi qu&rsquo;une place gratuite pour une personne accompagnatrice (\u00e0 partir de 10 personnes).<\/p>\n","protected":false},"excerpt":{"rendered":"<p>Vous cherchez des cours d\u2019allemand pour des groupes ou des classes? Des inscriptions pour des groupes sont possibles dans plusieurs de nos centres de cours, par example \u00e0: Bad [&hellip;]<\/p>\n","protected":false},"author":2,"featured_media":34880,"parent":4173,"menu_order":63,"comment_status":"closed","ping_status":"closed","template":"page_courses-3.php","meta":{"_acf_changed":false,"inline_featured_image":false,"footnotes":""},"class_list":["post-36280","page","type-page","status-publish","has-post-thumbnail","hentry"],"acf":[],"_links":{"self":[{"href":"https:\/\/www.humboldt-institut.org\/fr\/wp-json\/wp\/v2\/pages\/36280","targetHints":{"allow":["GET"]}}],"collection":[{"href":"https:\/\/www.humboldt-institut.org\/fr\/wp-json\/wp\/v2\/pages"}],"about":[{"href":"https:\/\/www.humboldt-institut.org\/fr\/wp-json\/wp\/v2\/types\/page"}],"author":[{"embeddable":true,"href":"https:\/\/www.humboldt-institut.org\/fr\/wp-json\/wp\/v2\/users\/2"}],"replies":[{"embeddable":true,"href":"https:\/\/www.humboldt-institut.org\/fr\/wp-json\/wp\/v2\/comments?post=36280"}],"version-history":[{"count":0,"href":"https:\/\/www.humboldt-institut.org\/fr\/wp-json\/wp\/v2\/pages\/36280\/revisions"}],"up":[{"embeddable":true,"href":"https:\/\/www.humboldt-institut.org\/fr\/wp-json\/wp\/v2\/pages\/4173"}],"wp:featuredmedia":[{"embeddable":true,"href":"https:\/\/www.humboldt-institut.org\/fr\/wp-json\/wp\/v2\/media\/34880"}],"wp:attachment":[{"href":"https:\/\/www.humboldt-institut.org\/fr\/wp-json\/wp\/v2\/media?parent=36280"}],"curies":[{"name":"wp","href":"https:\/\/api.w.org\/{rel}","templated":true}]}}