{"id":3609,"date":"2017-02-14T10:52:01","date_gmt":"2017-02-14T10:52:01","guid":{"rendered":"https:\/\/www.humboldt-institut.org\/?page_id=3609\/"},"modified":"2026-04-01T14:43:21","modified_gmt":"2026-04-01T12:43:21","slug":"qui-sommes-nous","status":"publish","type":"page","link":"https:\/\/www.humboldt-institut.org\/fr\/linstitut\/qui-sommes-nous\/","title":{"rendered":"Qui sommes-nous ?"},"content":{"rendered":"<p>L\u2019Humboldt-Institut a \u00e9t\u00e9 fond\u00e9 en 1977 par Norbert G\u00fcthling. Pendant ses \u00e9tudes il servait d\u2019interm\u00e9diaire pour des \u00e9tudiants allemands pour leur organiser des s\u00e9jours en Angleterre et en France. Il n\u2019\u00e9tait cependant pas satisfait avec la planification et le d\u00e9roulement sur place et il se d\u00e9cida de faire mieux. Ensemble avec des partenaires il fonda alors l\u2019Humboldt-Institut.<\/p>\n<p>La pr\u00e9tention de l\u2019Humboldt-Institut est depuis de proposer les meilleurs cours d\u2019allemand et de permettre aux participants de progresser rapidement en allemand. Nous suivons ce principe depuis plus de 45 ans et nous avons d\u00e9j\u00e0 accueillir dans toutes nos \u00e9coles plus de 97.000 participants venant de plus de 160 pays. Ainsi l\u2019Humboldt-Institut est l\u2019une des plus grandes et des plus exp\u00e9riment\u00e9es \u00e9coles pour l\u2019allemand en tant que langue \u00e9trang\u00e8re.<\/p>\n<p><img decoding=\"async\" class=\"img-responsive alignnone wp-image-2497 size-large\" src=\"https:\/\/www.humboldt-institut.org\/2017\/wp-content\/uploads\/2016\/06\/Ratzenried_Castle-in-the-wintertime_16x9.jpg\" alt=\"Le ch\u00e2teau de Ratzenried en hiver\" width=\"1024\" height=\"576\" srcset=\"https:\/\/www.humboldt-institut.org\/2017\/wp-content\/uploads\/2016\/06\/Ratzenried_Castle-in-the-wintertime_16x9.jpg 1920w, https:\/\/www.humboldt-institut.org\/2017\/wp-content\/uploads\/2016\/06\/Ratzenried_Castle-in-the-wintertime_16x9-300x169.jpg 300w, https:\/\/www.humboldt-institut.org\/2017\/wp-content\/uploads\/2016\/06\/Ratzenried_Castle-in-the-wintertime_16x9-768x432.jpg 768w, https:\/\/www.humboldt-institut.org\/2017\/wp-content\/uploads\/2016\/06\/Ratzenried_Castle-in-the-wintertime_16x9-1024x576.jpg 1024w, https:\/\/www.humboldt-institut.org\/2017\/wp-content\/uploads\/2016\/06\/Ratzenried_Castle-in-the-wintertime_16x9-160x90.jpg 160w\" sizes=\"(max-width: 1024px) 100vw, 1024px\" \/><\/p>\n<p>D\u2019un seul centre de cours au ch\u00e2teau de Ratzenried o\u00f9 se trouve actuellement l\u2019administration, l\u2019Humboldt-Institut s\u2019est agrandit en un r\u00e9seau de 11 \u00e9coles. Dont quatre sont\u2013 Berlin-Mitte, Constance, Lindenberg et Bad Schussenried \u2013 des \u00e9coles ouvertes toute l\u2019ann\u00e9e.<\/p>\n<p>Nomm\u00e9 est l\u2019Humboldt-Institut d\u2018apr\u00e8s Wilhelm von Humboldt, le r\u00e9formateur de l\u2019\u00e9ducation prussien, le linguiste et le fr\u00e8re du naturaliste Alexander von Humboldt. Comme Humboldt nous poursuivons un concept holistique: les participants apprennent l\u2019allemand, parlent la langue dans leurs rapports mutuels quotidiens et immergent dans la culture (quotidienne) allemande.<\/p>\n<p>C\u2019est pour cette raison que nous proposons presque toujours nos cours d\u2019allemand en tant que formule globale avec h\u00e9bergement, pension compl\u00e8te et programme pour les loisirs. Ainsi nos participants re\u00e7oivent toutes les prestations de bout en bout et peuvent ainsi se concentrer enti\u00e8rement sur l\u2019apprentissage de la langue allemande.<\/p>\n<p>&nbsp;<\/p>\n<h2>Concept &#8211; Qu&rsquo;est-ce qui caract\u00e9risent les cours d\u2019allemand de l\u2019Humboldt-Institut<\/h2>\n<p>Des classes \u00e0 effectif r\u00e9duit, l&rsquo;utilisation active de la langue orale et \u00e9crite, des contr\u00f4les des acquis r\u00e9guliers, un syst\u00e8me parfaitement coordonn\u00e9 pour les le\u00e7ons, les devoirs et les examens ainsi qu\u2019un contexte d\u2019apprentissage et un environnement constamment germanophone, compl\u00e9t\u00e9 par un programme culturel et de loisirs vari\u00e9: ce sont les \u00e9l\u00e9ments cl\u00e9s de notre formation linguistique fructueuse!<\/p>\n<p>Contrairement \u00e0 la plupart des autres \u00e9coles de langues, l\u2019Humboldt-Institut travaille avec son propre programme d\u2019enseignement et peut s\u2019appuyer sur une longue exp\u00e9rience de plus de 45 ans. Cela a beaucoup d\u2019avantages:<\/p>\n<ul>\n<li>rapide succ\u00e8s linguistique<\/li>\n<li>contenu p\u00e9dagogique appropri\u00e9 \u00e0 tous les \u00e2ges<\/li>\n<li>formation compl\u00e8te dans tous les domaines de la langue allemande<\/li>\n<li>taux de succ\u00e8s sup\u00e9rieurs \u00e0 la moyenne pour les examens standardis\u00e9s tel que le TestDaF<\/li>\n<li>grande satisfaction de nos \u00e9l\u00e8ves<\/li>\n<\/ul>\n<p>L\u2019Humboldt-Institut propose des cours d\u2019allemand pour toutes les tranches d\u2019\u00e2ge et pour tous les niveaux linguistiques. Parmi nos \u00e9l\u00e8ves nous notons des personnes seules, des familles, des groupes et des professionnels.<\/p>\n<p>&nbsp;<\/p>\n<div>\n<h3>R\u00e9f\u00e9rences commerciales<\/h3>\n<\/div>\n<p>Des entreprises et organisations de diff\u00e9rents secteurs d&rsquo;activit\u00e9 ont choisi l\u2019Humboldt-Institut et ses cours d\u2019allemand pour une formation linguistique pour leurs employ\u00e9s. Vous trouverez ici quelques noms d\u2019entreprises clientes. Nous vous enverrons avec plaisir une offre pour des cours d\u2019allemand en fonction des besoins de vos employ\u00e9s.<\/p>\n<div style=\"background: white; text-align: center; padding-bottom: 20px;\"><a href=\"https:\/\/www.douglas.de\/de\" target=\"_blank\" rel=\"noopener noreferrer nofollow\"><img decoding=\"async\" width=\"266\" height=\"140\" class=\"alignleft size-full wp-image-10616\" title=\"Parf\u00fcmerie Douglas\" src=\"https:\/\/www.humboldt-institut.org\/2017\/wp-content\/uploads\/logo-douglas.png\" alt=\"Parf\u00fcmerie Douglas\" srcset=\"https:\/\/www.humboldt-institut.org\/2017\/wp-content\/uploads\/logo-douglas.png 266w, https:\/\/www.humboldt-institut.org\/2017\/wp-content\/uploads\/logo-douglas-160x84.png 160w\" sizes=\"(max-width: 266px) 100vw, 266px\" \/><\/a><a href=\"https:\/\/www.refra.com\/\" target=\"_blank\" rel=\"noopener noreferrer nofollow\"><img decoding=\"async\" width=\"310\" height=\"93\" class=\"alignleft size-full wp-image-10634\" title=\"Refratechnik\" src=\"https:\/\/www.humboldt-institut.org\/2017\/wp-content\/uploads\/logo-refratechnik.png\" alt=\"Refratechnik\" srcset=\"https:\/\/www.humboldt-institut.org\/2017\/wp-content\/uploads\/logo-refratechnik.png 310w, https:\/\/www.humboldt-institut.org\/2017\/wp-content\/uploads\/logo-refratechnik-300x90.png 300w, https:\/\/www.humboldt-institut.org\/2017\/wp-content\/uploads\/logo-refratechnik-160x48.png 160w\" sizes=\"(max-width: 310px) 100vw, 310px\" \/><\/a><a href=\"https:\/\/www.giz.de\/\" target=\"_blank\" rel=\"noopener noreferrer nofollow\"><img decoding=\"async\" width=\"126\" height=\"114\" class=\"alignleft size-full wp-image-10620\" title=\"Deutsche Gesellschaft f\u00fcr Internationale Zusammenarbeit (GIZ) GmbH\" src=\"https:\/\/www.humboldt-institut.org\/2017\/wp-content\/uploads\/logo-giz.png\" alt=\"Deutsche Gesellschaft f\u00fcr Internationale Zusammenarbeit (GIZ) GmbH\" \/><\/a><a href=\"https:\/\/www.glossybox.de\/\" target=\"_blank\" rel=\"noopener noreferrer nofollow\"><img decoding=\"async\" width=\"346\" height=\"88\" class=\"alignleft size-full wp-image-10628\" title=\"Glossybox\" src=\"https:\/\/www.humboldt-institut.org\/2017\/wp-content\/uploads\/logo-glossybox.png\" alt=\"Glossybox\" srcset=\"https:\/\/www.humboldt-institut.org\/2017\/wp-content\/uploads\/logo-glossybox.png 346w, https:\/\/www.humboldt-institut.org\/2017\/wp-content\/uploads\/logo-glossybox-300x76.png 300w, https:\/\/www.humboldt-institut.org\/2017\/wp-content\/uploads\/logo-glossybox-160x41.png 160w\" sizes=\"(max-width: 346px) 100vw, 346px\" \/><\/a><a href=\"https:\/\/www.unifr.ch\/home\/fr\/\" target=\"_blank\" rel=\"noopener noreferrer nofollow\"><img decoding=\"async\" width=\"167\" height=\"124\" class=\"alignleft size-full wp-image-10696\" title=\"Universit\u00e4t Freiburg - Universit\u00e9 de Fribourg\" src=\"https:\/\/www.humboldt-institut.org\/2017\/wp-content\/uploads\/logo-uni-fr_mitTextmarke.png\" alt=\"Universit\u00e4t Freiburg - Universit\u00e9 de Fribourg\" srcset=\"https:\/\/www.humboldt-institut.org\/2017\/wp-content\/uploads\/logo-uni-fr_mitTextmarke.png 167w, https:\/\/www.humboldt-institut.org\/2017\/wp-content\/uploads\/logo-uni-fr_mitTextmarke-160x119.png 160w\" sizes=\"(max-width: 167px) 100vw, 167px\" \/><\/a><a href=\"https:\/\/www.europarl.europa.eu\/portal\/fr\" target=\"_blank\" rel=\"noopener noreferrer nofollow\"><img decoding=\"async\" class=\"alignleft wp-image-11561 size-full\" src=\"https:\/\/www.humboldt-institut.org\/2017\/wp-content\/uploads\/logo-eu-parlament_en.png\" alt=\"European Parliament\" width=\"193\" height=\"150\" srcset=\"https:\/\/www.humboldt-institut.org\/2017\/wp-content\/uploads\/logo-eu-parlament_en.png 193w, https:\/\/www.humboldt-institut.org\/2017\/wp-content\/uploads\/logo-eu-parlament_en-160x124.png 160w\" sizes=\"(max-width: 193px) 100vw, 193px\" \/><\/a><a href=\"https:\/\/www.t-systems.com\" target=\"_blank\" rel=\"noopener noreferrer nofollow\"><img decoding=\"async\" class=\"alignleft size-full wp-image-12127 size-full\" src=\"https:\/\/www.humboldt-institut.org\/2017\/wp-content\/uploads\/logo-t-systems-1.png\" alt=\"T-Systems\" width=\"277\" height=\"87\" srcset=\"https:\/\/www.humboldt-institut.org\/2017\/wp-content\/uploads\/logo-t-systems-1.png 277w, https:\/\/www.humboldt-institut.org\/2017\/wp-content\/uploads\/logo-t-systems-1-175x55.png 175w, https:\/\/www.humboldt-institut.org\/2017\/wp-content\/uploads\/logo-t-systems-1-160x50.png 160w\" sizes=\"(max-width: 277px) 100vw, 277px\" \/><\/a><a href=\"https:\/\/www.voith.com\" target=\"_blank\" rel=\"noopener noreferrer nofollow\"><img decoding=\"async\" class=\"alignleft wp-image-12162 size-full\" src=\"https:\/\/www.humboldt-institut.org\/2017\/wp-content\/uploads\/logo-voith-1.png\" alt=\"\" width=\"200\" height=\"76\" srcset=\"https:\/\/www.humboldt-institut.org\/2017\/wp-content\/uploads\/logo-voith-1.png 200w, https:\/\/www.humboldt-institut.org\/2017\/wp-content\/uploads\/logo-voith-1-175x67.png 175w, https:\/\/www.humboldt-institut.org\/2017\/wp-content\/uploads\/logo-voith-1-160x61.png 160w\" sizes=\"(max-width: 200px) 100vw, 200px\" \/><\/a><\/div>\n<p>&nbsp;<\/p>\n<h3>Opinions de participants sur l\u2019Humboldt-Institut<\/h3>\n<p>Ici vous trouvez un choix de participants satisfaits et leur opinion sur les cours d\u2019allemand de l\u2019Humboldt-Institut:<\/p>\n<div class=\"row\">\n<div class=\"col-lg-6 col-xs-12\">\n<div class=\"testimonial\"><div class=\"vertical-center\"><span style=\"font-size: 21px;color:#BFF9FF;font-weight:bold;\">&bdquo;&thinsp;<\/span><span style=\"font-size:21px;border-bottom: solid 3px #BFF9FF;\">Mon s\u00e9jour \u00e0 Berlin m\u2019a ouvert beaucoup de voies dans le domaine professionnel.<\/span><span style=\"font-size: 21px;color:#BFF9FF;font-weight:bold;\">&ldquo;<\/span><br><\/div><div style=\"position:absolute;right:38px;bottom:20px;\"><small style=\"color:rgb(32, 36, 82)\">Laura, 23<\/small><\/div><\/div>\n<\/div>\n<div class=\"col-lg-6 col-xs-12\">\n<div class=\"testimonial\"><div class=\"vertical-center\"><span style=\"font-size: 21px;color:#BFF9FF;font-weight:bold;\">&bdquo;&thinsp;<\/span><span style=\"font-size:21px;border-bottom: solid 3px #BFF9FF;\">L\u2019atmosph\u00e8re et le cours intensif sont tr\u00e8s bien.<\/span><span style=\"font-size: 21px;color:#BFF9FF;font-weight:bold;\">&ldquo;<\/span><br><\/div><div style=\"position:absolute;right:38px;bottom:20px;\"><small style=\"color:rgb(32, 36, 82)\">Tair, 15<\/small><\/div><\/div>\n<\/div>\n<div class=\"col-lg-6 col-xs-12\">\n<div class=\"testimonial\"><div class=\"vertical-center\"><span style=\"font-size: 21px;color:#BFF9FF;font-weight:bold;\">&bdquo;&thinsp;<\/span><span style=\"font-size:21px;border-bottom: solid 3px #BFF9FF;\">L\u00e0 on y apprend tr\u00e8s facilement l\u2019allemand.<\/span><span style=\"font-size: 21px;color:#BFF9FF;font-weight:bold;\">&ldquo;<\/span><br><\/div><div style=\"position:absolute;right:38px;bottom:20px;\"><small style=\"color:rgb(32, 36, 82)\">Pavel, 12<\/small><\/div><\/div>\n<\/div>\n<div class=\"col-lg-6 col-xs-12\">\n<div class=\"testimonial\"><div class=\"vertical-center\"><span style=\"font-size: 21px;color:#BFF9FF;font-weight:bold;\">&bdquo;&thinsp;<\/span><span style=\"font-size:21px;border-bottom: solid 3px #BFF9FF;\">J&rsquo;ai plus appris en une semaine qu&rsquo;en plusieurs ann\u00e9es de cours auparavant.<\/span><span style=\"font-size: 21px;color:#BFF9FF;font-weight:bold;\">&ldquo;<\/span><br><\/div><div style=\"position:absolute;right:38px;bottom:20px;\"><small style=\"color:rgb(32, 36, 82)\">Agata, 18<\/small><\/div><\/div>\n<\/div>\n<\/div>\n<p>&nbsp;<\/p>\n<h2 id=\"cooperations\">Coop\u00e9rations \/ Adh\u00e9sions<\/h2>\n<p>L\u2019Humboldt-Institut est membre de la <em>FaDaF<\/em> (Fachverband Deutsch als Fremd- und Zweitsprache: organisme qui fixe les normes d\u2019enseignement de l\u2019allemand comme langue \u00e9trang\u00e8re et comme deuxi\u00e8me langue). A Berlin et \u00e0 Constance nous avons deux centres agr\u00e9es pour le <em>TestDa<\/em>F (test allemand comme langue \u00e9trang\u00e8re) qui sert de preuve d\u2019un niveau suffisant en allemand et permettant ainsi d\u2019obtenir une immatriculation dans des \u00e9tablissements d&rsquo;enseignement sup\u00e9rieur allemands.<\/p>\n<p>A Berlin nous proposons aussi le TestAS (test pour des \u00e9tudiants \u00e9trangers).<\/p>\n<p>Dans nos centres de Berlin, Constance et Bad Schussenried sont propos\u00e9s \u00e9galement des examens d\u2019allemand de la <em>telc<\/em> (The European Language Certificates) pour les diff\u00e9rents niveaux du <em>telc Deutsch A1 Junior<\/em> jusqu\u2019au <em>telc Deutsch C1 Hochschule<\/em>. Les deux \u00e9coles de Berlin et de Constance sont des centres agr\u00e9\u00e9s respectivement comme \u201fcentre de comp\u00e9tence pour les examens telc \u00e9cole sup\u00e8rieure\u201d.<\/p>\n<p>L\u2019Humboldt-Institut est membre de l\u2019association des organisateurs de s\u00e9jours linguistiques en Allemagne (<a href=\"https:\/\/fdsv.de\/\" target=\"_blank\" rel=\"noopener noreferrer nofollow\">FDSV<\/a>), une association des organisateurs leaders allemands de s\u00e9jours linguistiques et d\u2019\u00e9coles de langues qui s\u2019engagent \u00e0 respecter \u2013 conform\u00e9ment \u00e0 la norme europ\u00e9enne des s\u00e9jours linguistiques DIN EN 14804 &#8211; les directives de qualit\u00e9 tr\u00e8s strictes. Les cours d\u2019allemand et les centres de cours de l\u2019Humboldt-Institut ont \u00e9t\u00e9 examin\u00e9s d\u2019apr\u00e8s des crit\u00e8res d\u00e9taill\u00e9s et sont conformes aux conditions et aux directives de l\u2019association <em>FDSV<\/em>.<\/p>\n<p>En tant que premier membre allemand de <a href=\"https:\/\/greenstandardschools.org\/\" target=\"_blank\" rel=\"nofollow noopener\">Green Standard Schools<\/a>, une association d&rsquo;\u00e9coles de langues active dans le monde entier, l&rsquo;Humboldt-Institut Lindenberg s&rsquo;engage pour une protection durable de l&rsquo;environnement. Outre la r\u00e9duction de l&#8217;empreinte \u00e9cologique des voyages linguistiques, l&rsquo;ancrage de l&rsquo;id\u00e9e de durabilit\u00e9 dans l&rsquo;enseignement est un objectif important. Ainsi, la conscience \u00e9cologique des \u00e9tudiants doit \u00eatre encourag\u00e9e.<\/p>\n<p>&nbsp;<\/p>\n<h2 id=\"prix\">Prix et distinctions<\/h2>\n<p>Les cours d&rsquo;allemand de l&rsquo;Humboldt-Institut re\u00e7oivent r\u00e9guli\u00e8rement des prix et des distinctions, par exemple le Star Award \u00ab\u00a0\u00c9cole de langue allemande\u00a0\u00bb du <em>StudyTravel Magazine<\/em> ou le <em>UED Award <\/em>de l&rsquo;Association des conseillers p\u00e9dagogiques turcs dans les cat\u00e9gories \u00ab\u00a0Meilleure \u00e9cole d&rsquo;\u00e9t\u00e9 en Allemagne\u00a0\u00bb et \u00ab\u00a0\u00c9cole de langue en Allemagne\u00a0\u00bb.<\/p>\n<p>En remportant cinq fois le <em>StudyTravel Star Award<\/em> \u00ab\u00a0\u00c9cole de langue en Allemagne\u00a0\u00bb, le Humboldt-Institut a \u00e9t\u00e9 admis au <a href=\"https:\/\/studytravel.network\/star-awards\/super-stars\" target=\"_blank\" rel=\"noopener nofollow\">ST Super Star Hall of Fame<\/a>. Les Star Awards sont d\u00e9cern\u00e9s chaque ann\u00e9e \u00e0 Londres par <em>StudyTravel Magazine<\/em>, une revue professionnelle dans le domaine de l&rsquo;\u00e9ducation internationale et des voyages linguistiques.<\/p>\n<p>Environ 3 000 professionnels des s\u00e9jours linguistiques de plus de 60 pays r\u00e9compensent les meilleures \u00e9coles de langues du monde entier, et le Humboldt-Institut est fier de faire partie de cette famille.<\/p>\n<p>Ces r\u00e9compenses ne sont pas seulement une raison de se r\u00e9jouir, mais aussi une preuve de la satisfaction de nos clients quant \u00e0 l&rsquo;excellente qualit\u00e9 de nos cours d&rsquo;allemand et une motivation pour continuer \u00e0 offrir au plus grand nombre d&rsquo;enfants, d&rsquo;adolescents et d&rsquo;adultes un environnement id\u00e9al pour apprendre l&rsquo;allemand et apprendre \u00e0 conna\u00eetre l&rsquo;Allemagne encore mieux !<\/p>\n<div class=\"d-flex flex-wrap align-items-center justify-content-between\"><img decoding=\"async\" class=\"alignnone size-full wp-image-39032\" src=\"https:\/\/www.humboldt-institut.org\/2017\/wp-content\/uploads\/ST-Star-Award_German-Language-School-2023-sw.png\" alt=\"Study Travel Star Award 2023\" width=\"154\" height=\"88\" \/><img decoding=\"async\" class=\"alignnone size-full wp-image-39017\" src=\"https:\/\/www.humboldt-institut.org\/2017\/wp-content\/uploads\/ST-Star-Award_German-Language-School-2022-sw.png\" alt=\"Study Travel Star Award 2022\" width=\"154\" height=\"88\" \/><img decoding=\"async\" class=\"alignnone size-full wp-image-39002\" src=\"https:\/\/www.humboldt-institut.org\/2017\/wp-content\/uploads\/ST-Star-Award_German-Language-School-2020_21-sw.png\" alt=\"ST Star Award Best German Language School 2020\/21\" width=\"154\" height=\"88\" \/><img decoding=\"async\" class=\"alignleft wp-image-16488 size-full\" style=\"vertical-align: middle; margin: 10px 30px 20px 0;\" src=\"https:\/\/www.humboldt-institut.org\/2017\/wp-content\/uploads\/UED_Best-School-2019_sw.png\" alt=\"UED Uluslararas\u0131 E\u011fitim Dan\u0131\u015fmanlar\u0131 Derne\u011fi - Best School of 2019 in Germany\" width=\"189\" height=\"86\" \/><img decoding=\"async\" class=\"alignleft wp-image-16004 size-full\" style=\"vertical-align: middle; margin: 25px 30px 20px 0;\" src=\"https:\/\/www.humboldt-institut.org\/2017\/wp-content\/uploads\/ST-Star-Award_German-Language-School-2019_sw.png\" alt=\"ST Star Award Best German Language School 2019\" width=\"162\" height=\"88\" \/><img decoding=\"async\" src=\"https:\/\/www.humboldt-institut.org\/2017\/wp-content\/uploads\/ST-SuperStar-Award-sw1.png\" alt=\"Study Travel SuperStar Award\" width=\"204\" height=\"117\" class=\"alignleft size-full wp-image-52244\" srcset=\"https:\/\/www.humboldt-institut.org\/2017\/wp-content\/uploads\/ST-SuperStar-Award-sw1.png 204w, https:\/\/www.humboldt-institut.org\/2017\/wp-content\/uploads\/ST-SuperStar-Award-sw1-175x100.png 175w\" sizes=\"(max-width: 204px) 100vw, 204px\" \/><img decoding=\"async\" width=\"189\" height=\"86\" class=\"alignleft size-full wp-image-13491\" style=\"vertical-align: middle; margin: 10px 30px 20px 0;\" src=\"https:\/\/www.humboldt-institut.org\/2017\/wp-content\/uploads\/UED_Best-Summer-School-2018_sw.png\" alt=\"UED Uluslararas\u0131 E\u011fitim Dan\u0131\u015fmanlar\u0131 Derne\u011fi - Best Summer School of 2018 in Germany\" srcset=\"https:\/\/www.humboldt-institut.org\/2017\/wp-content\/uploads\/UED_Best-Summer-School-2018_sw.png 189w, https:\/\/www.humboldt-institut.org\/2017\/wp-content\/uploads\/UED_Best-Summer-School-2018_sw-175x80.png 175w, https:\/\/www.humboldt-institut.org\/2017\/wp-content\/uploads\/UED_Best-Summer-School-2018_sw-160x73.png 160w\" sizes=\"(max-width: 189px) 100vw, 189px\" \/><\/div>\n<p>&nbsp;<\/p>\n","protected":false},"excerpt":{"rendered":"<p>L\u2019Humboldt-Institut a \u00e9t\u00e9 fond\u00e9 en 1977 par Norbert G\u00fcthling. Pendant ses \u00e9tudes il servait d\u2019interm\u00e9diaire pour des \u00e9tudiants allemands pour leur organiser des s\u00e9jours en Angleterre et en France. [&hellip;]<\/p>\n","protected":false},"author":2,"featured_media":0,"parent":4207,"menu_order":153,"comment_status":"closed","ping_status":"closed","template":"page_about.php","meta":{"_acf_changed":false,"inline_featured_image":false,"footnotes":""},"class_list":["post-3609","page","type-page","status-publish","hentry"],"acf":[],"_links":{"self":[{"href":"https:\/\/www.humboldt-institut.org\/fr\/wp-json\/wp\/v2\/pages\/3609","targetHints":{"allow":["GET"]}}],"collection":[{"href":"https:\/\/www.humboldt-institut.org\/fr\/wp-json\/wp\/v2\/pages"}],"about":[{"href":"https:\/\/www.humboldt-institut.org\/fr\/wp-json\/wp\/v2\/types\/page"}],"author":[{"embeddable":true,"href":"https:\/\/www.humboldt-institut.org\/fr\/wp-json\/wp\/v2\/users\/2"}],"replies":[{"embeddable":true,"href":"https:\/\/www.humboldt-institut.org\/fr\/wp-json\/wp\/v2\/comments?post=3609"}],"version-history":[{"count":8,"href":"https:\/\/www.humboldt-institut.org\/fr\/wp-json\/wp\/v2\/pages\/3609\/revisions"}],"predecessor-version":[{"id":52261,"href":"https:\/\/www.humboldt-institut.org\/fr\/wp-json\/wp\/v2\/pages\/3609\/revisions\/52261"}],"up":[{"embeddable":true,"href":"https:\/\/www.humboldt-institut.org\/fr\/wp-json\/wp\/v2\/pages\/4207"}],"wp:attachment":[{"href":"https:\/\/www.humboldt-institut.org\/fr\/wp-json\/wp\/v2\/media?parent=3609"}],"curies":[{"name":"wp","href":"https:\/\/api.w.org\/{rel}","templated":true}]}}