{"id":35896,"date":"2023-01-31T09:43:32","date_gmt":"2023-01-31T08:43:32","guid":{"rendered":"https:\/\/www.humboldt-institut.org\/?page_id=35896"},"modified":"2024-11-21T10:55:53","modified_gmt":"2024-11-21T09:55:53","slug":"cours-intensifs-individuels","status":"publish","type":"page","link":"https:\/\/www.humboldt-institut.org\/fr\/cours-d-allemand\/enfants-et-adolescents\/cours-intensifs-individuels\/","title":{"rendered":"Cours intensifs individuels"},"content":{"rendered":"<p>Nous proposons \u00e0 nos \u00e9l\u00e8ves d\u2018am\u00e9liorer leurs connaissances linguistiques d\u2019une fa\u00e7on encore plus cibl\u00e9e et plus individuelle gr\u00e2ce \u00e0 des cours intensifs individuels. Ils peuvent choisir des cours de 25 ou 30 le\u00e7ons \u00e0 45 minutes par semaine. Le professeur tient compte des besoins particuliers de l\u2019\u00e9l\u00e8ve et le cours sera structur\u00e9 en fonction. Les cours intensifs individuels aident surtout les \u00e9l\u00e8ves qui veulent atteindre un certain niveau dans un court laps de temps ou qui veulent combler leurs lacunes pour atteindre un certain niveau linguistique.<\/p>\n","protected":false},"excerpt":{"rendered":"<p>Nous proposons \u00e0 nos \u00e9l\u00e8ves d\u2018am\u00e9liorer leurs connaissances linguistiques d\u2019une fa\u00e7on encore plus cibl\u00e9e et plus individuelle gr\u00e2ce \u00e0 des cours intensifs individuels. Ils peuvent choisir des cours de [&hellip;]<\/p>\n","protected":false},"author":378,"featured_media":34865,"parent":35771,"menu_order":56,"comment_status":"closed","ping_status":"closed","template":"page_courses-3.php","meta":{"_acf_changed":false,"inline_featured_image":false,"footnotes":""},"class_list":["post-35896","page","type-page","status-publish","has-post-thumbnail","hentry"],"acf":[],"_links":{"self":[{"href":"https:\/\/www.humboldt-institut.org\/fr\/wp-json\/wp\/v2\/pages\/35896","targetHints":{"allow":["GET"]}}],"collection":[{"href":"https:\/\/www.humboldt-institut.org\/fr\/wp-json\/wp\/v2\/pages"}],"about":[{"href":"https:\/\/www.humboldt-institut.org\/fr\/wp-json\/wp\/v2\/types\/page"}],"author":[{"embeddable":true,"href":"https:\/\/www.humboldt-institut.org\/fr\/wp-json\/wp\/v2\/users\/378"}],"replies":[{"embeddable":true,"href":"https:\/\/www.humboldt-institut.org\/fr\/wp-json\/wp\/v2\/comments?post=35896"}],"version-history":[{"count":1,"href":"https:\/\/www.humboldt-institut.org\/fr\/wp-json\/wp\/v2\/pages\/35896\/revisions"}],"predecessor-version":[{"id":45477,"href":"https:\/\/www.humboldt-institut.org\/fr\/wp-json\/wp\/v2\/pages\/35896\/revisions\/45477"}],"up":[{"embeddable":true,"href":"https:\/\/www.humboldt-institut.org\/fr\/wp-json\/wp\/v2\/pages\/35771"}],"wp:featuredmedia":[{"embeddable":true,"href":"https:\/\/www.humboldt-institut.org\/fr\/wp-json\/wp\/v2\/media\/34865"}],"wp:attachment":[{"href":"https:\/\/www.humboldt-institut.org\/fr\/wp-json\/wp\/v2\/media?parent=35896"}],"curies":[{"name":"wp","href":"https:\/\/api.w.org\/{rel}","templated":true}]}}