{"id":35784,"date":"2023-01-30T16:02:20","date_gmt":"2023-01-30T15:02:20","guid":{"rendered":"https:\/\/www.humboldt-institut.org\/?page_id=35784"},"modified":"2026-03-05T11:15:36","modified_gmt":"2026-03-05T10:15:36","slug":"cours-intensifs","status":"publish","type":"page","link":"https:\/\/www.humboldt-institut.org\/fr\/cours-d-allemand\/adultes\/cours-intensifs\/","title":{"rendered":"Cours intensifs"},"content":{"rendered":"<p>Vous trouverez ici des d\u00e9tails sur nos cours intensifs d&rsquo;allemand pour adultes, comme les dates de d\u00e9but, les prix et les niveaux propos\u00e9s de A1, A2, B1, B2, C1 \u00e0 C2. Les cours d\u2019allemand des niveaux A1, A2 et B1 comprennent 5 semaines chacun. Les cours d\u2019allemand des niveaux B2, C1 et C2 comprennent 10 semaines chacun.<\/p>\n<p>Les cours peuvent \u00eatre r\u00e9serv\u00e9s pour une dur\u00e9e de 2 semaines. Nous proposons des frais de cours particuli\u00e8rement avantageux pour les cours de longue dur\u00e9e de 10 semaines ou plus.<\/p>\n<p>A <a href=\"https:\/\/www.humboldt-institut.org\/fr\/cours-d-allemand-a\/berlin-mitte\/\">Berlin<\/a> et \u00e0 <a href=\"https:\/\/www.humboldt-institut.org\/fr\/cours-d-allemand-a\/constance\/\">Constance<\/a> les cours d\u02bcallemand sont propos\u00e9s sous forme de <strong>kit \u00ab\u00a0tout compris\u00a0\u00bb<\/strong> comprenant l\u02bch\u00e9bergement, la pension compl\u00e8te, le programme d\u02bcactivit\u00e9s culturelles et de loisirs ainsi que les excursions hebdomadaires. Ce <strong>concept d\u02bcimmersion<\/strong> rend les cours d\u02bcallemand de l\u02bcHumboldt-Institut si uniques et permettent aux \u00e9l\u00e8ves de \u00ab\u00a0s\u02bcimmerger\u00a0\u00bb dans un environnement d&rsquo;apprentissage enti\u00e8rement en allemand.<\/p>\n<p>Alternativement les cours d\u02bcallemand peuvent \u00eatre r\u00e9serv\u00e9s sans prestations compl\u00e9mentaires.<\/p>\n","protected":false},"excerpt":{"rendered":"<p>Vous trouverez ici des d\u00e9tails sur nos cours intensifs d&rsquo;allemand pour adultes, comme les dates de d\u00e9but, les prix et les niveaux propos\u00e9s de A1, A2, B1, B2, C1 [&hellip;]<\/p>\n","protected":false},"author":378,"featured_media":32896,"parent":35760,"menu_order":81,"comment_status":"closed","ping_status":"closed","template":"page_courses-3.php","meta":{"_acf_changed":false,"inline_featured_image":false,"footnotes":""},"class_list":["post-35784","page","type-page","status-publish","has-post-thumbnail","hentry"],"acf":[],"_links":{"self":[{"href":"https:\/\/www.humboldt-institut.org\/fr\/wp-json\/wp\/v2\/pages\/35784","targetHints":{"allow":["GET"]}}],"collection":[{"href":"https:\/\/www.humboldt-institut.org\/fr\/wp-json\/wp\/v2\/pages"}],"about":[{"href":"https:\/\/www.humboldt-institut.org\/fr\/wp-json\/wp\/v2\/types\/page"}],"author":[{"embeddable":true,"href":"https:\/\/www.humboldt-institut.org\/fr\/wp-json\/wp\/v2\/users\/378"}],"replies":[{"embeddable":true,"href":"https:\/\/www.humboldt-institut.org\/fr\/wp-json\/wp\/v2\/comments?post=35784"}],"version-history":[{"count":8,"href":"https:\/\/www.humboldt-institut.org\/fr\/wp-json\/wp\/v2\/pages\/35784\/revisions"}],"predecessor-version":[{"id":50918,"href":"https:\/\/www.humboldt-institut.org\/fr\/wp-json\/wp\/v2\/pages\/35784\/revisions\/50918"}],"up":[{"embeddable":true,"href":"https:\/\/www.humboldt-institut.org\/fr\/wp-json\/wp\/v2\/pages\/35760"}],"wp:featuredmedia":[{"embeddable":true,"href":"https:\/\/www.humboldt-institut.org\/fr\/wp-json\/wp\/v2\/media\/32896"}],"wp:attachment":[{"href":"https:\/\/www.humboldt-institut.org\/fr\/wp-json\/wp\/v2\/media?parent=35784"}],"curies":[{"name":"wp","href":"https:\/\/api.w.org\/{rel}","templated":true}]}}