{"id":36400,"date":"2023-02-13T10:45:46","date_gmt":"2023-02-13T09:45:46","guid":{"rendered":"https:\/\/www.humboldt-institut.org\/?page_id=36400"},"modified":"2024-11-21T10:56:53","modified_gmt":"2024-11-21T09:56:53","slug":"cursos-intensivos-individuales","status":"publish","type":"page","link":"https:\/\/www.humboldt-institut.org\/es\/cursos-de-aleman\/ninos-y-jovenes\/cursos-intensivos-individuales\/","title":{"rendered":"Cursos intensivos individuales"},"content":{"rendered":"<p>Ofrecemos cursos intensivos individuales para alumnos que quieran mejorar sus conocimientos de forma a\u00fan m\u00e1s espec\u00edfica y personalizada. Puede elegirse entre 25 o 30 unidades lectivas de 45 minutos a la semana. El profesor tiene en cuenta las necesidades particulares del alumno y prepara las clases en consecuencia. Los cursos intensivos individuales resultan especialmente adecuados para aquellos alumnos que pretendan alcanzar un objetivo concreto en poco tiempo o que quieran subsanar deficiencias para llegar a un nivel determinado.<\/p>\n","protected":false},"excerpt":{"rendered":"<p>Ofrecemos cursos intensivos individuales para alumnos que quieran mejorar sus conocimientos de forma a\u00fan m\u00e1s espec\u00edfica y personalizada. Puede elegirse entre 25 o 30 unidades lectivas de 45 minutos [&hellip;]<\/p>\n","protected":false},"author":378,"featured_media":34873,"parent":36356,"menu_order":55,"comment_status":"closed","ping_status":"closed","template":"page_courses-3.php","meta":{"_acf_changed":false,"inline_featured_image":false,"footnotes":""},"class_list":["post-36400","page","type-page","status-publish","has-post-thumbnail","hentry"],"acf":[],"_links":{"self":[{"href":"https:\/\/www.humboldt-institut.org\/es\/wp-json\/wp\/v2\/pages\/36400","targetHints":{"allow":["GET"]}}],"collection":[{"href":"https:\/\/www.humboldt-institut.org\/es\/wp-json\/wp\/v2\/pages"}],"about":[{"href":"https:\/\/www.humboldt-institut.org\/es\/wp-json\/wp\/v2\/types\/page"}],"author":[{"embeddable":true,"href":"https:\/\/www.humboldt-institut.org\/es\/wp-json\/wp\/v2\/users\/378"}],"replies":[{"embeddable":true,"href":"https:\/\/www.humboldt-institut.org\/es\/wp-json\/wp\/v2\/comments?post=36400"}],"version-history":[{"count":2,"href":"https:\/\/www.humboldt-institut.org\/es\/wp-json\/wp\/v2\/pages\/36400\/revisions"}],"predecessor-version":[{"id":45483,"href":"https:\/\/www.humboldt-institut.org\/es\/wp-json\/wp\/v2\/pages\/36400\/revisions\/45483"}],"up":[{"embeddable":true,"href":"https:\/\/www.humboldt-institut.org\/es\/wp-json\/wp\/v2\/pages\/36356"}],"wp:featuredmedia":[{"embeddable":true,"href":"https:\/\/www.humboldt-institut.org\/es\/wp-json\/wp\/v2\/media\/34873"}],"wp:attachment":[{"href":"https:\/\/www.humboldt-institut.org\/es\/wp-json\/wp\/v2\/media?parent=36400"}],"curies":[{"name":"wp","href":"https:\/\/api.w.org\/{rel}","templated":true}]}}