{"id":36389,"date":"2023-02-14T10:54:29","date_gmt":"2023-02-14T09:54:29","guid":{"rendered":"https:\/\/www.humboldt-institut.org\/?page_id=36389"},"modified":"2024-09-16T11:11:20","modified_gmt":"2024-09-16T09:11:20","slug":"universidades-en-alemania","status":"publish","type":"page","link":"https:\/\/www.humboldt-institut.org\/es\/cursos-de-aleman\/adultos\/universidades-en-alemania\/","title":{"rendered":"Alem\u00e1n y universidad"},"content":{"rendered":"<p>El \u00abMade in Germany\u00bb es un sello de calidad reconocido en todo el mundo. En el mercado laboral internacional haber cursado estudios universitarios en Alemania confiere a los estudiantes no alemanes una clara ventaja competitiva. Las universidades alemanas, en comparaci\u00f3n con las de otros pa\u00edses, ofrecen gran calidad y excelentes condiciones para la investigaci\u00f3n. Adem\u00e1s, cursar una <strong>carrera en Alemania<\/strong> resulta comparativamente muy barato.<\/p>\n<table style=\"width: 100%;\">\n<thead>\n<tr>\n<th valign=\"top\">Ventajas de estudiar en Alemania<\/th>\n<th valign=\"top\">Ventajas de los cursos de alem\u00e1n en el Humboldt-Institut<\/th>\n<\/tr>\n<\/thead>\n<tbody>\n<tr>\n<td>\n<ul style=\"padding-left: 1rem;\">\n<li>Universidades de renombre mundial<\/li>\n<li>M\u00e1s de 17.000 titulaciones universitarias<\/li>\n<li>Tasas de matr\u00edcula muy bajas o nulas<\/li>\n<li>Mercado laboral atractivo<\/li>\n<li>Entorno seguro para estudiantes<\/li>\n<\/ul>\n<\/td>\n<td>\n<ul style=\"padding-left: 1rem;\">\n<li>Ense\u00f1anza intensiva + aprendizaje r\u00e1pido<\/li>\n<li>Ambiente familiar<\/li>\n<li>Paquete completo, incluyendo alojamiento<\/li>\n<li>Ex\u00e1menes TestDaF y telc<\/li>\n<li>M\u00e1s de 45 a\u00f1os de experiencia<\/li>\n<\/ul>\n<\/td>\n<\/tr>\n<\/tbody>\n<\/table>\n<p>Invierta hoy en su futuro: el Humboldt-Institut asesora y apoya a los participantes de nuestros cursos de alem\u00e1n que quieran estudiar en Alemania con un <strong>servicio de asesoramiento y para la solicitud<\/strong> en una universidad. En funci\u00f3n de sus certificados de estudios escolares y\/o acad\u00e9micos de su pa\u00eds de origen, comprobamos si es posible el acceso directo o indirecto a la universidad en Alemania.<\/p>\n","protected":false},"excerpt":{"rendered":"<p>El \u00abMade in Germany\u00bb es un sello de calidad reconocido en todo el mundo. En el mercado laboral internacional haber cursado estudios universitarios en Alemania confiere a los estudiantes [&hellip;]<\/p>\n","protected":false},"author":378,"featured_media":34681,"parent":36352,"menu_order":97,"comment_status":"closed","ping_status":"closed","template":"page_courses-3.php","meta":{"_acf_changed":false,"inline_featured_image":false,"footnotes":""},"class_list":["post-36389","page","type-page","status-publish","has-post-thumbnail","hentry"],"acf":[],"_links":{"self":[{"href":"https:\/\/www.humboldt-institut.org\/es\/wp-json\/wp\/v2\/pages\/36389","targetHints":{"allow":["GET"]}}],"collection":[{"href":"https:\/\/www.humboldt-institut.org\/es\/wp-json\/wp\/v2\/pages"}],"about":[{"href":"https:\/\/www.humboldt-institut.org\/es\/wp-json\/wp\/v2\/types\/page"}],"author":[{"embeddable":true,"href":"https:\/\/www.humboldt-institut.org\/es\/wp-json\/wp\/v2\/users\/378"}],"replies":[{"embeddable":true,"href":"https:\/\/www.humboldt-institut.org\/es\/wp-json\/wp\/v2\/comments?post=36389"}],"version-history":[{"count":5,"href":"https:\/\/www.humboldt-institut.org\/es\/wp-json\/wp\/v2\/pages\/36389\/revisions"}],"predecessor-version":[{"id":45024,"href":"https:\/\/www.humboldt-institut.org\/es\/wp-json\/wp\/v2\/pages\/36389\/revisions\/45024"}],"up":[{"embeddable":true,"href":"https:\/\/www.humboldt-institut.org\/es\/wp-json\/wp\/v2\/pages\/36352"}],"wp:featuredmedia":[{"embeddable":true,"href":"https:\/\/www.humboldt-institut.org\/es\/wp-json\/wp\/v2\/media\/34681"}],"wp:attachment":[{"href":"https:\/\/www.humboldt-institut.org\/es\/wp-json\/wp\/v2\/media?parent=36389"}],"curies":[{"name":"wp","href":"https:\/\/api.w.org\/{rel}","templated":true}]}}